

{"id":1215,"date":"2023-12-23T15:11:40","date_gmt":"2023-12-23T15:11:40","guid":{"rendered":"https:\/\/shamrock-yachts.pl\/?page_id=1215"},"modified":"2024-04-11T06:52:43","modified_gmt":"2024-04-11T06:52:43","slug":"historia-firmy","status":"publish","type":"page","link":"https:\/\/shamrock-yachts.pl\/?page_id=1215","title":{"rendered":"Historia firmy"},"content":{"rendered":"\t\t<div data-elementor-type=\"wp-page\" data-elementor-id=\"1215\" class=\"elementor elementor-1215\" data-elementor-post-type=\"page\">\n\t\t\t\t<div class=\"elementor-element elementor-element-358a9c6a e-flex e-con-boxed elementor-invisible e-con e-parent\" data-id=\"358a9c6a\" data-element_type=\"container\" data-settings=\"{&quot;animation&quot;:&quot;fadeInUp&quot;}\">\n\t\t\t\t\t<div class=\"e-con-inner\">\n\t\t<div class=\"elementor-element elementor-element-7a3b68ca e-flex e-con-boxed e-con e-child\" data-id=\"7a3b68ca\" data-element_type=\"container\" data-settings=\"{&quot;background_background&quot;:&quot;classic&quot;}\">\n\t\t\t\t\t<div class=\"e-con-inner\">\n\t\t\t\t<div class=\"elementor-element elementor-element-6baaaeec elementor-widget elementor-widget-heading\" data-id=\"6baaaeec\" data-element_type=\"widget\" data-widget_type=\"heading.default\">\n\t\t\t\t<div class=\"elementor-widget-container\">\n\t\t\t<h1 class=\"elementor-heading-title elementor-size-default\">Historia firmy<\/h1>\t\t<\/div>\n\t\t\t\t<\/div>\n\t\t\t\t\t<\/div>\n\t\t\t\t<\/div>\n\t\t\t\t\t<\/div>\n\t\t\t\t<\/div>\n\t\t<div class=\"elementor-element elementor-element-014f8c8 e-flex e-con-boxed e-con e-parent\" data-id=\"014f8c8\" data-element_type=\"container\">\n\t\t\t\t\t<div class=\"e-con-inner\">\n\t\t<div class=\"elementor-element elementor-element-635f686 e-con-full e-flex e-con e-child\" data-id=\"635f686\" data-element_type=\"container\">\n\t\t\t\t<div class=\"elementor-element elementor-element-ef3c747 elementor-invisible elementor-widget elementor-widget-image\" data-id=\"ef3c747\" data-element_type=\"widget\" data-settings=\"{&quot;_animation&quot;:&quot;fadeInUp&quot;}\" data-widget_type=\"image.default\">\n\t\t\t\t<div class=\"elementor-widget-container\">\n\t\t\t\t\t\t\t\t\t\t\t\t\t<img fetchpriority=\"high\" decoding=\"async\" width=\"1024\" height=\"854\" src=\"https:\/\/shamrock-yachts.pl\/wp-content\/uploads\/2023\/12\/FB_IMG_1701635812007-1024x854.jpg\" class=\"attachment-large size-large wp-image-1219\" alt=\"\" srcset=\"https:\/\/shamrock-yachts.pl\/wp-content\/uploads\/2023\/12\/FB_IMG_1701635812007-1024x854.jpg 1024w, https:\/\/shamrock-yachts.pl\/wp-content\/uploads\/2023\/12\/FB_IMG_1701635812007-600x501.jpg 600w, https:\/\/shamrock-yachts.pl\/wp-content\/uploads\/2023\/12\/FB_IMG_1701635812007-300x250.jpg 300w, https:\/\/shamrock-yachts.pl\/wp-content\/uploads\/2023\/12\/FB_IMG_1701635812007-768x641.jpg 768w, https:\/\/shamrock-yachts.pl\/wp-content\/uploads\/2023\/12\/FB_IMG_1701635812007.jpg 1080w\" sizes=\"(max-width: 1024px) 100vw, 1024px\" \/>\t\t\t\t\t\t\t\t\t\t\t\t\t<\/div>\n\t\t\t\t<\/div>\n\t\t\t\t<\/div>\n\t\t<div class=\"elementor-element elementor-element-a89e699 e-con-full e-flex e-con e-child\" data-id=\"a89e699\" data-element_type=\"container\">\n\t\t\t\t<div class=\"elementor-element elementor-element-6c28ae8 elementor-invisible elementor-widget elementor-widget-text-editor\" data-id=\"6c28ae8\" data-element_type=\"widget\" data-settings=\"{&quot;_animation&quot;:&quot;fadeInUp&quot;,&quot;_animation_delay&quot;:100}\" data-widget_type=\"text-editor.default\">\n\t\t\t\t<div class=\"elementor-widget-container\">\n\t\t\t\t\t\t\t<p><strong>Firma Shamrock Yachts<\/strong> powsta\u0142a z my\u015bl\u0105 o popularyzacji \u017ceglarstwa jako aktywnej formy sp\u0119dzania wolnego czasu. Przedsi\u0119biorstwo za\u0142o\u017cy\u0142o dw\u00f3ch pasjonat\u00f3w \u017ceglarstwa, kt\u00f3rzy swoimi do\u015bwiadczeniami chc\u0105 si\u0119 dzieli\u0107 z innymi osobami zar\u00f3wno tymi \u017cegluj\u0105cymi jak i nowicjuszami. Za\u0142o\u017cyciele s\u0105 przekonani, \u017ce ka\u017cde akwen gdzie mo\u017cna \u017ceglowa\u0107 ma nieograniczony potencja\u0142 poznawczy: miejsca, historie, postacie itp. Wydobycie tego potencja\u0142u przed jak najszerszym gronem jest celem dla Sp\u00f3\u0142ki. Miejscem realizacji tego celu jest <strong>Kraina Wielkich Jezior Mazurskich.<\/strong><\/p><p>\u00a0<\/p><p>Nazwa firmy wywodzi si\u0119 od irlandzkiej rodziny jacht\u00f3w Shamrock (tr\u00f3jlistna koniczyna), kt\u00f3re rywalizowa\u0142y na prze\u0142omie<strong> XIX i XX wieku<\/strong> w najs\u0142ynniejszych regatach \u015bwiata \u2013 regatach o Puchar Ameryki. Jacht Shamrock V zosta\u0142 okrzykni\u0119ty swojego czasu najpi\u0119kniejszym, \u017caglowcem na \u015bwiecie.<\/p><p>\u00a0<\/p><p>Firma swoj\u0105 ofert\u0119 tematycznych rejs\u00f3w \u017ceglarskich na Mazurach traktuje nie tylko jako oferowanie wypoczynku, ale tak\u017ce jako stanie na stra\u017cy bogatej historii Mazur i Mazur\u00f3w, pasji do \u017ceglarstwa oraz prezentacji pi\u0119knych teren\u00f3w i krajobraz\u00f3w. <strong>Shamrock Yachts<\/strong> to wi\u0119cej ni\u017c tylko agencja turystyczna \u2013 to prze\u017cycie, kt\u00f3re ukazuje niezwyk\u0142e bogactwo mazurskich krajobraz\u00f3w.<\/p>\t\t\t\t\t\t<\/div>\n\t\t\t\t<\/div>\n\t\t\t\t<\/div>\n\t\t\t\t\t<\/div>\n\t\t\t\t<\/div>\n\t\t<div class=\"elementor-element elementor-element-ad60215 e-flex e-con-boxed e-con e-parent\" data-id=\"ad60215\" data-element_type=\"container\">\n\t\t\t\t\t<div class=\"e-con-inner\">\n\t\t\t\t<div class=\"elementor-element elementor-element-85131cf elementor-invisible elementor-widget elementor-widget-text-editor\" data-id=\"85131cf\" data-element_type=\"widget\" data-settings=\"{&quot;_animation&quot;:&quot;fadeInUp&quot;}\" data-widget_type=\"text-editor.default\">\n\t\t\t\t<div class=\"elementor-widget-container\">\n\t\t\t\t\t\t\t<p>Pocz\u0105tki dzia\u0142alno\u015bci firmy oparte s\u0105 na zami\u0142owaniu do \u017ceglarstwa, co sprawia, \u017ce ka\u017cdy rejs jest pe\u0142en entuzjazmu i profesjonalizmu. Za\u0142oga sk\u0142ada si\u0119 z pasjonat\u00f3w, kt\u00f3rzy nie tylko doskonale znaj\u0105 si\u0119 na sztuce \u017ceglowania, ale tak\u017ce maj\u0105 g\u0142\u0119bok\u0105 wiedz\u0119 o lokalnej historii, tradycjach oraz przyrodzie. To sprawia, \u017ce ka\u017cdy rejs staje si\u0119 fascynuj\u0105cym przewodnikiem po mazurskich wodach.<\/p><p>\u00a0<\/p><p>Historia ma tu swoje miejsce, poniewa\u017c ka\u017cde z mazurskich jezior kryje w sobie opowie\u015bci minionych czas\u00f3w. Sternicy-przewodnicy podczas rejs\u00f3w ch\u0119tnie dziel\u0105 si\u0119 ciekawostkami na temat dawnych osad, zamk\u00f3w czy innych miejsc o znaczeniu kulturowym. Uczestnicy maj\u0105 okazj\u0119 przenie\u015b\u0107 si\u0119 w czasie, odkrywaj\u0105c tajemnice przesz\u0142o\u015bci i \u0142\u0105cz\u0105c si\u0119 z korzeniami regionu.<br \/>Firma nie tylko oferuje mo\u017cliwo\u015b\u0107 odkrywania fascynuj\u0105cej historii, ale tak\u017ce zapewnia niezapomniane wra\u017cenia estetyczne. Mazury s\u0142yn\u0105 z malowniczych krajobraz\u00f3w, zielonych wysp poro\u015bni\u0119tych sosnami, a tak\u017ce urokliwych wiosek. Rejsy prowadzone s\u0105 z dba\u0142o\u015bci\u0105 o \u015brodowisko, a uczestnicy maj\u0105 okazj\u0119 zobaczy\u0107 dziewicz\u0105 przyrod\u0119 w jej pe\u0142nej krasie.<\/p><p>\u00a0<\/p><p>Warto podkre\u015bli\u0107, \u017ce firma anga\u017cuje si\u0119 r\u00f3wnie\u017c w ochron\u0119 \u015brodowiska. Poprzez odpowiedzialne podej\u015bcie do \u017ceglugi na jeziorach (zasilanie solarne jacht\u00f3w, ekologiczne toalety, segregacja odpad\u00f3w), promowanie zr\u00f3wnowa\u017conych praktyk oraz edukacj\u0119 ekologiczn\u0105, staje si\u0119 obro\u0144c\u0105 pi\u0119kna przyrody Mazur. Dzi\u0119ki temu uczestnicy rejs\u00f3w nie tylko maj\u0105 okazj\u0119 do relaksu, ale tak\u017ce uczestnicz\u0105 w tworzeniu przysz\u0142o\u015bci, w kt\u00f3rej pi\u0119kno przyrody zostanie zachowane dla kolejnych pokole\u0144.<\/p><p>\u00a0<\/p><p><strong>Shamrock Yachts<\/strong> podczas rejs\u00f3w to nie tylko przewo\u017anik, ale r\u00f3wnie\u017c ambasador regionu, kt\u00f3ry kocha, szanuje i dba o unikalne dziedzictwo przyrodnicze i kulturowe tego malowniczego zak\u0105tka Polski. Dzi\u0119ki pasji, profesjonalizmowi i szacunkowi do otaczaj\u0105cego \u015bwiata, staje si\u0119 inspiracj\u0105 dla tych, kt\u00f3rzy pragn\u0105 do\u015bwiadczy\u0107 pi\u0119kna, tradycji i historii Mazur na pok\u0142adzie jachtu.<\/p>\t\t\t\t\t\t<\/div>\n\t\t\t\t<\/div>\n\t\t\t\t\t<\/div>\n\t\t\t\t<\/div>\n\t\t<div class=\"elementor-element elementor-element-6b2288f e-flex e-con-boxed elementor-invisible e-con e-parent\" data-id=\"6b2288f\" data-element_type=\"container\" data-settings=\"{&quot;background_background&quot;:&quot;classic&quot;,&quot;animation&quot;:&quot;fadeInUp&quot;}\">\n\t\t\t\t\t<div class=\"e-con-inner\">\n\t\t\t\t<div class=\"elementor-element elementor-element-1d187d8 elementor-widget elementor-widget-heading\" data-id=\"1d187d8\" data-element_type=\"widget\" data-widget_type=\"heading.default\">\n\t\t\t\t<div class=\"elementor-widget-container\">\n\t\t\t<h2 class=\"elementor-heading-title elementor-size-default\">Do\u0142\u0105cz do naszego newslettera<\/h2>\t\t<\/div>\n\t\t\t\t<\/div>\n\t\t\t\t<div class=\"elementor-element elementor-element-965339c elementor-widget__width-inherit elementor-button-align-stretch elementor-widget elementor-widget-global elementor-global-2412 elementor-widget-form\" data-id=\"965339c\" data-element_type=\"widget\" data-settings=\"{&quot;step_next_label&quot;:&quot;Next&quot;,&quot;step_previous_label&quot;:&quot;Previous&quot;,&quot;button_width&quot;:&quot;33&quot;,&quot;step_type&quot;:&quot;number_text&quot;,&quot;step_icon_shape&quot;:&quot;circle&quot;}\" data-widget_type=\"form.default\">\n\t\t\t\t<div class=\"elementor-widget-container\">\n\t\t\t\t\t<form class=\"elementor-form\" method=\"post\" name=\"Newsletter Form\">\n\t\t\t<input type=\"hidden\" name=\"post_id\" value=\"1215\"\/>\n\t\t\t<input type=\"hidden\" name=\"form_id\" value=\"965339c\"\/>\n\t\t\t<input type=\"hidden\" name=\"referer_title\" value=\"\" \/>\n\n\t\t\t\n\t\t\t<div class=\"elementor-form-fields-wrapper elementor-labels-\">\n\t\t\t\t\t\t\t\t<div class=\"elementor-field-type-text elementor-field-group elementor-column elementor-field-group-field_7a6d165 elementor-col-33\">\n\t\t\t\t\t\t\t\t\t\t\t\t<label for=\"form-field-field_7a6d165\" class=\"elementor-field-label elementor-screen-only\">\n\t\t\t\t\t\t\t\tImi\u0119\t\t\t\t\t\t\t<\/label>\n\t\t\t\t\t\t\t\t\t\t\t\t\t\t<input size=\"1\" type=\"text\" name=\"form_fields[field_7a6d165]\" id=\"form-field-field_7a6d165\" class=\"elementor-field elementor-size-md  elementor-field-textual\" placeholder=\"Imi\u0119\">\n\t\t\t\t\t\t\t\t\t\t\t<\/div>\n\t\t\t\t\t\t\t\t<div class=\"elementor-field-type-email elementor-field-group elementor-column elementor-field-group-email elementor-col-33 elementor-field-required\">\n\t\t\t\t\t\t\t\t\t\t\t\t<label for=\"form-field-email\" class=\"elementor-field-label elementor-screen-only\">\n\t\t\t\t\t\t\t\tEmail\t\t\t\t\t\t\t<\/label>\n\t\t\t\t\t\t\t\t\t\t\t\t\t\t<input size=\"1\" type=\"email\" name=\"form_fields[email]\" id=\"form-field-email\" class=\"elementor-field elementor-size-md  elementor-field-textual\" placeholder=\"Email\" required=\"required\" aria-required=\"true\">\n\t\t\t\t\t\t\t\t\t\t\t<\/div>\n\t\t\t\t\t\t\t\t<div class=\"elementor-field-group elementor-column elementor-field-type-submit elementor-col-33 e-form__buttons\">\n\t\t\t\t\t<button type=\"submit\" class=\"elementor-button elementor-size-md\" id=\"newsletter-button\">\n\t\t\t\t\t\t<span >\n\t\t\t\t\t\t\t\t\t\t\t\t\t\t\t<span class=\" elementor-button-icon\">\n\t\t\t\t\t\t\t\t\t\t\t\t\t\t\t\t\t\t\t\t\t\t\t\t\t\t<\/span>\n\t\t\t\t\t\t\t\t\t\t\t\t\t\t\t\t\t\t\t\t\t\t<span class=\"elementor-button-text\">Zapisz si\u0119<\/span>\n\t\t\t\t\t\t\t\t\t\t\t\t\t<\/span>\n\t\t\t\t\t<\/button>\n\t\t\t\t<\/div>\n\t\t\t<\/div>\n\t\t<\/form>\n\t\t\t\t<\/div>\n\t\t\t\t<\/div>\n\t\t\t\t\t<\/div>\n\t\t\t\t<\/div>\n\t\t\t\t<\/div>\n\t\t","protected":false},"excerpt":{"rendered":"<p>Historia firmy Firma Shamrock Yachts powsta\u0142a z my\u015bl\u0105 o popularyzacji \u017ceglarstwa jako aktywnej formy sp\u0119dzania wolnego czasu. Przedsi\u0119biorstwo za\u0142o\u017cy\u0142o dw\u00f3ch pasjonat\u00f3w \u017ceglarstwa, kt\u00f3rzy swoimi do\u015bwiadczeniami chc\u0105 si\u0119 dzieli\u0107 z innymi osobami zar\u00f3wno tymi \u017cegluj\u0105cymi jak i nowicjuszami. Za\u0142o\u017cyciele s\u0105 przekonani, \u017ce ka\u017cde akwen gdzie mo\u017cna \u017ceglowa\u0107 ma nieograniczony potencja\u0142 poznawczy: miejsca, historie, postacie itp. Wydobycie [&hellip;]<\/p>\n","protected":false},"author":1,"featured_media":0,"parent":13,"menu_order":0,"comment_status":"closed","ping_status":"closed","template":"","meta":{"footnotes":""},"class_list":["post-1215","page","type-page","status-publish","hentry"],"_links":{"self":[{"href":"https:\/\/shamrock-yachts.pl\/index.php?rest_route=\/wp\/v2\/pages\/1215"}],"collection":[{"href":"https:\/\/shamrock-yachts.pl\/index.php?rest_route=\/wp\/v2\/pages"}],"about":[{"href":"https:\/\/shamrock-yachts.pl\/index.php?rest_route=\/wp\/v2\/types\/page"}],"author":[{"embeddable":true,"href":"https:\/\/shamrock-yachts.pl\/index.php?rest_route=\/wp\/v2\/users\/1"}],"replies":[{"embeddable":true,"href":"https:\/\/shamrock-yachts.pl\/index.php?rest_route=%2Fwp%2Fv2%2Fcomments&post=1215"}],"version-history":[{"count":37,"href":"https:\/\/shamrock-yachts.pl\/index.php?rest_route=\/wp\/v2\/pages\/1215\/revisions"}],"predecessor-version":[{"id":2452,"href":"https:\/\/shamrock-yachts.pl\/index.php?rest_route=\/wp\/v2\/pages\/1215\/revisions\/2452"}],"up":[{"embeddable":true,"href":"https:\/\/shamrock-yachts.pl\/index.php?rest_route=\/wp\/v2\/pages\/13"}],"wp:attachment":[{"href":"https:\/\/shamrock-yachts.pl\/index.php?rest_route=%2Fwp%2Fv2%2Fmedia&parent=1215"}],"curies":[{"name":"wp","href":"https:\/\/api.w.org\/{rel}","templated":true}]}}