

{"id":17,"date":"2023-12-10T18:35:02","date_gmt":"2023-12-10T18:35:02","guid":{"rendered":"https:\/\/shamrock-yachts.pl\/?page_id=17"},"modified":"2024-04-11T06:52:17","modified_gmt":"2024-04-11T06:52:17","slug":"blog","status":"publish","type":"page","link":"https:\/\/shamrock-yachts.pl\/?page_id=17","title":{"rendered":"Blog"},"content":{"rendered":"\t\t<div data-elementor-type=\"wp-page\" data-elementor-id=\"17\" class=\"elementor elementor-17\" data-elementor-post-type=\"page\">\n\t\t\t\t<div class=\"elementor-element elementor-element-45e22279 e-flex e-con-boxed elementor-invisible e-con e-parent\" data-id=\"45e22279\" data-element_type=\"container\" data-settings=\"{&quot;animation&quot;:&quot;fadeInUp&quot;}\">\n\t\t\t\t\t<div class=\"e-con-inner\">\n\t\t<div class=\"elementor-element elementor-element-558af29 e-flex e-con-boxed e-con e-child\" data-id=\"558af29\" data-element_type=\"container\" data-settings=\"{&quot;background_background&quot;:&quot;classic&quot;}\">\n\t\t\t\t\t<div class=\"e-con-inner\">\n\t\t\t\t<div class=\"elementor-element elementor-element-b3163dd elementor-widget elementor-widget-heading\" data-id=\"b3163dd\" data-element_type=\"widget\" data-widget_type=\"heading.default\">\n\t\t\t\t<div class=\"elementor-widget-container\">\n\t\t\t<h1 class=\"elementor-heading-title elementor-size-default\">Blog<\/h1>\t\t<\/div>\n\t\t\t\t<\/div>\n\t\t\t\t<div class=\"elementor-element elementor-element-7e5df229 elementor-widget__width-inherit elementor-widget elementor-widget-text-editor\" data-id=\"7e5df229\" data-element_type=\"widget\" data-widget_type=\"text-editor.default\">\n\t\t\t\t<div class=\"elementor-widget-container\">\n\t\t\t\t\t\t\t<p>Najnowsze wiadomo\u015bci z naszego \u015bwiata, od rejs\u00f3w, event\u00f3w a\u017c po spotkania ze znajomymi.<\/p>\t\t\t\t\t\t<\/div>\n\t\t\t\t<\/div>\n\t\t\t\t\t<\/div>\n\t\t\t\t<\/div>\n\t\t\t\t\t<\/div>\n\t\t\t\t<\/div>\n\t\t<div class=\"elementor-element elementor-element-62a888c e-flex e-con-boxed elementor-invisible e-con e-parent\" data-id=\"62a888c\" data-element_type=\"container\" data-settings=\"{&quot;animation&quot;:&quot;fadeInUp&quot;}\">\n\t\t\t\t\t<div class=\"e-con-inner\">\n\t\t\t\t<div class=\"elementor-element elementor-element-22cbd07f elementor-posts__hover-none elementor-grid-3 elementor-grid-tablet-2 elementor-grid-mobile-1 elementor-posts--thumbnail-top elementor-widget elementor-widget-posts\" data-id=\"22cbd07f\" data-element_type=\"widget\" data-settings=\"{&quot;cards_row_gap&quot;:{&quot;unit&quot;:&quot;px&quot;,&quot;size&quot;:80,&quot;sizes&quot;:[]},&quot;cards_row_gap_tablet&quot;:{&quot;unit&quot;:&quot;px&quot;,&quot;size&quot;:71,&quot;sizes&quot;:[]},&quot;cards_row_gap_mobile&quot;:{&quot;unit&quot;:&quot;px&quot;,&quot;size&quot;:30,&quot;sizes&quot;:[]},&quot;cards_columns&quot;:&quot;3&quot;,&quot;cards_columns_tablet&quot;:&quot;2&quot;,&quot;cards_columns_mobile&quot;:&quot;1&quot;}\" data-widget_type=\"posts.cards\">\n\t\t\t\t<div class=\"elementor-widget-container\">\n\t\t\t\t\t<div class=\"elementor-posts-container elementor-posts elementor-posts--skin-cards elementor-grid\">\n\t\t\t\t<article class=\"elementor-post elementor-grid-item post-1800 post type-post status-publish format-standard has-post-thumbnail hentry category-czarter\">\n\t\t\t<div class=\"elementor-post__card\">\n\t\t\t\t<a class=\"elementor-post__thumbnail__link\" href=\"https:\/\/shamrock-yachts.pl\/?p=1800\" tabindex=\"-1\" ><div class=\"elementor-post__thumbnail\"><img fetchpriority=\"high\" decoding=\"async\" width=\"805\" height=\"805\" src=\"https:\/\/shamrock-yachts.pl\/wp-content\/uploads\/2024\/01\/equipement.jpg\" class=\"attachment-full size-full wp-image-1801\" alt=\"\" srcset=\"https:\/\/shamrock-yachts.pl\/wp-content\/uploads\/2024\/01\/equipement.jpg 805w, https:\/\/shamrock-yachts.pl\/wp-content\/uploads\/2024\/01\/equipement-100x100.jpg 100w, https:\/\/shamrock-yachts.pl\/wp-content\/uploads\/2024\/01\/equipement-600x600.jpg 600w, https:\/\/shamrock-yachts.pl\/wp-content\/uploads\/2024\/01\/equipement-300x300.jpg 300w, https:\/\/shamrock-yachts.pl\/wp-content\/uploads\/2024\/01\/equipement-150x150.jpg 150w, https:\/\/shamrock-yachts.pl\/wp-content\/uploads\/2024\/01\/equipement-768x768.jpg 768w\" sizes=\"(max-width: 805px) 100vw, 805px\" \/><\/div><\/a>\n\t\t\t\t<div class=\"elementor-post__text\">\n\t\t\t\t<h4 class=\"elementor-post__title\">\n\t\t\t<a href=\"https:\/\/shamrock-yachts.pl\/?p=1800\" >\n\t\t\t\tCo zabra\u0107 na rejs ?\t\t\t<\/a>\n\t\t<\/h4>\n\t\t\t\t<div class=\"elementor-post__excerpt\">\n\t\t\t<p>Koja na rejsie? Zarezerwowana! Wyjazd zbli\u017ca si\u0119 wielkimi krokami. Co trzeba zabra\u0107 na mazurski rejs \u017ceglarski? Czy mamy wszystko czy<\/p>\n\t\t<\/div>\n\t\t\n\t\t<a class=\"elementor-post__read-more\" href=\"https:\/\/shamrock-yachts.pl\/?p=1800\" aria-label=\"Read more about Co zabra\u0107 na rejs ?\" tabindex=\"-1\" >\n\t\t\tCzytaj wi\u0119cej...\t\t<\/a>\n\n\t\t\t\t<\/div>\n\t\t\t\t\t<\/div>\n\t\t<\/article>\n\t\t\t\t<article class=\"elementor-post elementor-grid-item post-1791 post type-post status-publish format-standard has-post-thumbnail hentry category-czarter\">\n\t\t\t<div class=\"elementor-post__card\">\n\t\t\t\t<a class=\"elementor-post__thumbnail__link\" href=\"https:\/\/shamrock-yachts.pl\/?p=1791\" tabindex=\"-1\" ><div class=\"elementor-post__thumbnail\"><img decoding=\"async\" width=\"506\" height=\"506\" src=\"https:\/\/shamrock-yachts.pl\/wp-content\/uploads\/2024\/01\/gilma-photo.jpg\" class=\"attachment-full size-full wp-image-1799\" alt=\"\" srcset=\"https:\/\/shamrock-yachts.pl\/wp-content\/uploads\/2024\/01\/gilma-photo.jpg 506w, https:\/\/shamrock-yachts.pl\/wp-content\/uploads\/2024\/01\/gilma-photo-100x100.jpg 100w, https:\/\/shamrock-yachts.pl\/wp-content\/uploads\/2024\/01\/gilma-photo-300x300.jpg 300w, https:\/\/shamrock-yachts.pl\/wp-content\/uploads\/2024\/01\/gilma-photo-150x150.jpg 150w\" sizes=\"(max-width: 506px) 100vw, 506px\" \/><\/div><\/a>\n\t\t\t\t<div class=\"elementor-post__text\">\n\t\t\t\t<h4 class=\"elementor-post__title\">\n\t\t\t<a href=\"https:\/\/shamrock-yachts.pl\/?p=1791\" >\n\t\t\t\tLegenda pruskiej Gilmy\t\t\t<\/a>\n\t\t<\/h4>\n\t\t\t\t<div class=\"elementor-post__excerpt\">\n\t\t\t<p>\u201eGilma, Gilma\u201d &#8211; wo\u0142a\u0142a mama swoj\u0105 c\u00f3rk\u0119, kt\u00f3ra pobieg\u0142a gdzie\u015b w zaro\u015bla. Matka Gilmy by\u0142a \u017con\u0105 Yzegupsa- kr\u00f3la Galind\u00f3w. Kr\u00f3l<\/p>\n\t\t<\/div>\n\t\t\n\t\t<a class=\"elementor-post__read-more\" href=\"https:\/\/shamrock-yachts.pl\/?p=1791\" aria-label=\"Read more about Legenda pruskiej Gilmy\" tabindex=\"-1\" >\n\t\t\tCzytaj wi\u0119cej...\t\t<\/a>\n\n\t\t\t\t<\/div>\n\t\t\t\t\t<\/div>\n\t\t<\/article>\n\t\t\t\t<\/div>\n\t\t\n\t\t\t\t<\/div>\n\t\t\t\t<\/div>\n\t\t\t\t\t<\/div>\n\t\t\t\t<\/div>\n\t\t<div class=\"elementor-element elementor-element-caefefb e-flex e-con-boxed elementor-invisible e-con e-parent\" data-id=\"caefefb\" data-element_type=\"container\" data-settings=\"{&quot;background_background&quot;:&quot;classic&quot;,&quot;animation&quot;:&quot;fadeInUp&quot;}\">\n\t\t\t\t\t<div class=\"e-con-inner\">\n\t\t\t\t<div class=\"elementor-element elementor-element-7a02324 elementor-widget elementor-widget-heading\" data-id=\"7a02324\" data-element_type=\"widget\" data-widget_type=\"heading.default\">\n\t\t\t\t<div class=\"elementor-widget-container\">\n\t\t\t<h2 class=\"elementor-heading-title elementor-size-default\">Do\u0142\u0105cz do naszego newslettera<\/h2>\t\t<\/div>\n\t\t\t\t<\/div>\n\t\t\t\t<div class=\"elementor-element elementor-element-530ea9c elementor-widget__width-inherit elementor-button-align-stretch elementor-widget elementor-widget-global elementor-global-2412 elementor-widget-form\" data-id=\"530ea9c\" data-element_type=\"widget\" data-settings=\"{&quot;step_next_label&quot;:&quot;Next&quot;,&quot;step_previous_label&quot;:&quot;Previous&quot;,&quot;button_width&quot;:&quot;33&quot;,&quot;step_type&quot;:&quot;number_text&quot;,&quot;step_icon_shape&quot;:&quot;circle&quot;}\" data-widget_type=\"form.default\">\n\t\t\t\t<div class=\"elementor-widget-container\">\n\t\t\t\t\t<form class=\"elementor-form\" method=\"post\" name=\"Newsletter Form\">\n\t\t\t<input type=\"hidden\" name=\"post_id\" value=\"17\"\/>\n\t\t\t<input type=\"hidden\" name=\"form_id\" value=\"530ea9c\"\/>\n\t\t\t<input type=\"hidden\" name=\"referer_title\" value=\"\" \/>\n\n\t\t\t\n\t\t\t<div class=\"elementor-form-fields-wrapper elementor-labels-\">\n\t\t\t\t\t\t\t\t<div class=\"elementor-field-type-text elementor-field-group elementor-column elementor-field-group-field_7a6d165 elementor-col-33\">\n\t\t\t\t\t\t\t\t\t\t\t\t<label for=\"form-field-field_7a6d165\" class=\"elementor-field-label elementor-screen-only\">\n\t\t\t\t\t\t\t\tImi\u0119\t\t\t\t\t\t\t<\/label>\n\t\t\t\t\t\t\t\t\t\t\t\t\t\t<input size=\"1\" type=\"text\" name=\"form_fields[field_7a6d165]\" id=\"form-field-field_7a6d165\" class=\"elementor-field elementor-size-md  elementor-field-textual\" placeholder=\"Imi\u0119\">\n\t\t\t\t\t\t\t\t\t\t\t<\/div>\n\t\t\t\t\t\t\t\t<div class=\"elementor-field-type-email elementor-field-group elementor-column elementor-field-group-email elementor-col-33 elementor-field-required\">\n\t\t\t\t\t\t\t\t\t\t\t\t<label for=\"form-field-email\" class=\"elementor-field-label elementor-screen-only\">\n\t\t\t\t\t\t\t\tEmail\t\t\t\t\t\t\t<\/label>\n\t\t\t\t\t\t\t\t\t\t\t\t\t\t<input size=\"1\" type=\"email\" name=\"form_fields[email]\" id=\"form-field-email\" class=\"elementor-field elementor-size-md  elementor-field-textual\" placeholder=\"Email\" required=\"required\" aria-required=\"true\">\n\t\t\t\t\t\t\t\t\t\t\t<\/div>\n\t\t\t\t\t\t\t\t<div class=\"elementor-field-group elementor-column elementor-field-type-submit elementor-col-33 e-form__buttons\">\n\t\t\t\t\t<button type=\"submit\" class=\"elementor-button elementor-size-md\" id=\"newsletter-button\">\n\t\t\t\t\t\t<span >\n\t\t\t\t\t\t\t\t\t\t\t\t\t\t\t<span class=\" elementor-button-icon\">\n\t\t\t\t\t\t\t\t\t\t\t\t\t\t\t\t\t\t\t\t\t\t\t\t\t\t<\/span>\n\t\t\t\t\t\t\t\t\t\t\t\t\t\t\t\t\t\t\t\t\t\t<span class=\"elementor-button-text\">Zapisz si\u0119<\/span>\n\t\t\t\t\t\t\t\t\t\t\t\t\t<\/span>\n\t\t\t\t\t<\/button>\n\t\t\t\t<\/div>\n\t\t\t<\/div>\n\t\t<\/form>\n\t\t\t\t<\/div>\n\t\t\t\t<\/div>\n\t\t\t\t\t<\/div>\n\t\t\t\t<\/div>\n\t\t\t\t<\/div>\n\t\t","protected":false},"excerpt":{"rendered":"<p>Blog Najnowsze wiadomo\u015bci z naszego \u015bwiata, od rejs\u00f3w, event\u00f3w a\u017c po spotkania ze znajomymi. Do\u0142\u0105cz do naszego newslettera<\/p>\n","protected":false},"author":1,"featured_media":0,"parent":0,"menu_order":0,"comment_status":"closed","ping_status":"closed","template":"","meta":{"footnotes":""},"class_list":["post-17","page","type-page","status-publish","hentry"],"_links":{"self":[{"href":"https:\/\/shamrock-yachts.pl\/index.php?rest_route=\/wp\/v2\/pages\/17"}],"collection":[{"href":"https:\/\/shamrock-yachts.pl\/index.php?rest_route=\/wp\/v2\/pages"}],"about":[{"href":"https:\/\/shamrock-yachts.pl\/index.php?rest_route=\/wp\/v2\/types\/page"}],"author":[{"embeddable":true,"href":"https:\/\/shamrock-yachts.pl\/index.php?rest_route=\/wp\/v2\/users\/1"}],"replies":[{"embeddable":true,"href":"https:\/\/shamrock-yachts.pl\/index.php?rest_route=%2Fwp%2Fv2%2Fcomments&post=17"}],"version-history":[{"count":67,"href":"https:\/\/shamrock-yachts.pl\/index.php?rest_route=\/wp\/v2\/pages\/17\/revisions"}],"predecessor-version":[{"id":2449,"href":"https:\/\/shamrock-yachts.pl\/index.php?rest_route=\/wp\/v2\/pages\/17\/revisions\/2449"}],"wp:attachment":[{"href":"https:\/\/shamrock-yachts.pl\/index.php?rest_route=%2Fwp%2Fv2%2Fmedia&parent=17"}],"curies":[{"name":"wp","href":"https:\/\/api.w.org\/{rel}","templated":true}]}}