

{"id":2033,"date":"2024-03-14T18:11:32","date_gmt":"2024-03-14T18:11:32","guid":{"rendered":"https:\/\/shamrock-yachts.pl\/?page_id=2033"},"modified":"2024-03-14T18:19:14","modified_gmt":"2024-03-14T18:19:14","slug":"kurs-zeglarza-jachtowego-polaczony-z-edukacja-historyczna","status":"publish","type":"page","link":"https:\/\/shamrock-yachts.pl\/?page_id=2033","title":{"rendered":"Kurs \u017ceglarza jachtowego po\u0142\u0105czony z edukacj\u0105 historyczn\u0105"},"content":{"rendered":"\t\t<div data-elementor-type=\"wp-page\" data-elementor-id=\"2033\" class=\"elementor elementor-2033\" data-elementor-post-type=\"page\">\n\t\t\t\t<div class=\"elementor-element elementor-element-5b3ddf7e e-flex e-con-boxed elementor-invisible e-con e-parent\" data-id=\"5b3ddf7e\" data-element_type=\"container\" data-settings=\"{&quot;animation&quot;:&quot;fadeInUp&quot;}\">\n\t\t\t\t\t<div class=\"e-con-inner\">\n\t\t<div class=\"elementor-element elementor-element-57691ab2 e-flex e-con-boxed e-con e-child\" data-id=\"57691ab2\" data-element_type=\"container\" data-settings=\"{&quot;background_background&quot;:&quot;classic&quot;}\">\n\t\t\t\t\t<div class=\"e-con-inner\">\n\t\t\t\t<div class=\"elementor-element elementor-element-18c0f0a4 elementor-widget elementor-widget-theme-post-title elementor-page-title elementor-widget-heading\" data-id=\"18c0f0a4\" data-element_type=\"widget\" data-widget_type=\"theme-post-title.default\">\n\t\t\t\t<div class=\"elementor-widget-container\">\n\t\t\t<h1 class=\"elementor-heading-title elementor-size-default\">Kurs \u017ceglarza jachtowego po\u0142\u0105czony z edukacj\u0105 historyczn\u0105<\/h1>\t\t<\/div>\n\t\t\t\t<\/div>\n\t\t\t\t\t<\/div>\n\t\t\t\t<\/div>\n\t\t\t\t\t<\/div>\n\t\t\t\t<\/div>\n\t\t<div class=\"elementor-element elementor-element-7a8a1c48 e-flex e-con-boxed e-con e-parent\" data-id=\"7a8a1c48\" data-element_type=\"container\">\n\t\t\t\t\t<div class=\"e-con-inner\">\n\t\t\t\t<div class=\"elementor-element elementor-element-253b05ed elementor-invisible elementor-widget elementor-widget-text-editor\" data-id=\"253b05ed\" data-element_type=\"widget\" data-settings=\"{&quot;_animation&quot;:&quot;fadeInUp&quot;}\" data-widget_type=\"text-editor.default\">\n\t\t\t\t<div class=\"elementor-widget-container\">\n\t\t\t\t\t\t\t<p><span style=\"color: #000000;\"><b>DLA DZIECI I M\u0141ODZIE\u017bY lub DLA DOROS\u0141YCH <\/b><\/span><\/p><p><b>CZAS TRWANIA:<\/b> minimum 6 dni (cz\u0119\u015b\u0107 praktyczna) rzeczywistego przebywania i \u017ceglowania na jachcie, poprzedzonego nauk\u0105 online w domu przed kursem (cz\u0119\u015b\u0107 teoretyczna)<\/p><p><b>LOKALIZACJA:<\/b> W\u0119gorzewo, Marina w Ruskiej Wsi, oraz inne mariny stosownie do planu szkolenia i zwiedzania.<\/p><p><b>GRUPY:<\/b> grupy m\u0142odzie\u017cy od 14 lat (ew. m\u0142odsze dzieci bez prawa do zdawania egzaminu na patent \u017ceglarza jachtowego) lub doros\u0142ych.<\/p><p><b>SPOS\u00d3B RELIZACJI: <\/b><\/p><p>Cz\u0119\u015b\u0107 teoretyczna realizowana jest za pomoc\u0105 profesjonalnego kursu online z rozbudowan\u0105 baz\u0105 multimedialn\u0105 wraz z baz\u0105 test\u00f3w.<\/p><p>Cz\u0119\u015b\u0107 praktyczna realizowana jest na jachcie pod okiem instruktora ze stosownym udzia\u0142em w praktyce kursant\u00f3w.<\/p><p>W trakcie zaj\u0119\u0107 czas wolny od praktyki \u017ceglarskiej przeplatany b\u0119dzie elementami edukacji historycznej w szczeg\u00f3lno\u015bci zwiedzaniem obiekt\u00f3w tzw. dziedzictwa historycznego Warmii i Mazur tj. m.in.<\/p><ol><li><p>Szlakiem pruskich Galind\u00f3w \u2013 grodziska, kamienie ofiarne, skansen Iznota<\/p><\/li><li><p>Krzy\u017cacy na Mazurach \u2013 zamki w Rynie, Gi\u017cycku, W\u0119gorzewie<\/p><\/li><li><p>Dziedzictwo hydrotechniki \u2013 \u015bluzy Guzianka, Karwik, Le\u015bniewo G\u00f3rne, kana\u0142y mazurskie, most obrotowy.<\/p><\/li><li><p>\u015aladami II wojny \u015bwiatowej \u2013 bunkry, schrony, transzeje.<\/p><\/li><li><p>Tajemnicze miejsca i magiczni ludzie \u2013 wyspa Blima (czakram) Wyspa Mi\u0142o\u015bci, Wyspa Kormoran\u00f3w, Czarci Ostr\u00f3w.<\/p><\/li><\/ol><p><b>ZAKWATEROWANIE: <\/b>na jachcie (cz\u0119\u015b\u0107 praktyczna)<\/p>\t\t\t\t\t\t<\/div>\n\t\t\t\t<\/div>\n\t\t\t\t\t<\/div>\n\t\t\t\t<\/div>\n\t\t\t\t<\/div>\n\t\t","protected":false},"excerpt":{"rendered":"<p>DLA DZIECI I M\u0141ODZIE\u017bY lub DLA DOROS\u0141YCH CZAS TRWANIA: minimum 6 dni (cz\u0119\u015b\u0107 praktyczna) rzeczywistego przebywania i \u017ceglowania na jachcie, poprzedzonego nauk\u0105 online w domu przed kursem (cz\u0119\u015b\u0107 teoretyczna) LOKALIZACJA: W\u0119gorzewo, Marina w Ruskiej Wsi, oraz inne mariny stosownie do planu szkolenia i zwiedzania. GRUPY: grupy m\u0142odzie\u017cy od 14 lat (ew. m\u0142odsze dzieci bez prawa [&hellip;]<\/p>\n","protected":false},"author":1,"featured_media":0,"parent":11,"menu_order":0,"comment_status":"closed","ping_status":"closed","template":"","meta":{"footnotes":""},"class_list":["post-2033","page","type-page","status-publish","hentry"],"_links":{"self":[{"href":"https:\/\/shamrock-yachts.pl\/index.php?rest_route=\/wp\/v2\/pages\/2033"}],"collection":[{"href":"https:\/\/shamrock-yachts.pl\/index.php?rest_route=\/wp\/v2\/pages"}],"about":[{"href":"https:\/\/shamrock-yachts.pl\/index.php?rest_route=\/wp\/v2\/types\/page"}],"author":[{"embeddable":true,"href":"https:\/\/shamrock-yachts.pl\/index.php?rest_route=\/wp\/v2\/users\/1"}],"replies":[{"embeddable":true,"href":"https:\/\/shamrock-yachts.pl\/index.php?rest_route=%2Fwp%2Fv2%2Fcomments&post=2033"}],"version-history":[{"count":16,"href":"https:\/\/shamrock-yachts.pl\/index.php?rest_route=\/wp\/v2\/pages\/2033\/revisions"}],"predecessor-version":[{"id":2057,"href":"https:\/\/shamrock-yachts.pl\/index.php?rest_route=\/wp\/v2\/pages\/2033\/revisions\/2057"}],"up":[{"embeddable":true,"href":"https:\/\/shamrock-yachts.pl\/index.php?rest_route=\/wp\/v2\/pages\/11"}],"wp:attachment":[{"href":"https:\/\/shamrock-yachts.pl\/index.php?rest_route=%2Fwp%2Fv2%2Fmedia&parent=2033"}],"curies":[{"name":"wp","href":"https:\/\/api.w.org\/{rel}","templated":true}]}}