

{"id":2036,"date":"2024-03-14T18:13:03","date_gmt":"2024-03-14T18:13:03","guid":{"rendered":"https:\/\/shamrock-yachts.pl\/?page_id=2036"},"modified":"2024-03-14T18:33:11","modified_gmt":"2024-03-14T18:33:11","slug":"kurs-zeglarza-jachtowego-polaczony","status":"publish","type":"page","link":"https:\/\/shamrock-yachts.pl\/?page_id=2036","title":{"rendered":"Kurs \u017ceglarza jachtowego po\u0142\u0105czony"},"content":{"rendered":"\t\t<div data-elementor-type=\"wp-page\" data-elementor-id=\"2036\" class=\"elementor elementor-2036\" data-elementor-post-type=\"page\">\n\t\t\t\t<div class=\"elementor-element elementor-element-4908bfdd e-flex e-con-boxed elementor-invisible e-con e-parent\" data-id=\"4908bfdd\" data-element_type=\"container\" data-settings=\"{&quot;animation&quot;:&quot;fadeInUp&quot;}\">\n\t\t\t\t\t<div class=\"e-con-inner\">\n\t\t<div class=\"elementor-element elementor-element-74d3eca4 e-flex e-con-boxed e-con e-child\" data-id=\"74d3eca4\" data-element_type=\"container\" data-settings=\"{&quot;background_background&quot;:&quot;classic&quot;}\">\n\t\t\t\t\t<div class=\"e-con-inner\">\n\t\t\t\t<div class=\"elementor-element elementor-element-49649471 elementor-widget elementor-widget-theme-post-title elementor-page-title elementor-widget-heading\" data-id=\"49649471\" data-element_type=\"widget\" data-widget_type=\"theme-post-title.default\">\n\t\t\t\t<div class=\"elementor-widget-container\">\n\t\t\t<h1 class=\"elementor-heading-title elementor-size-default\">Kurs \u017ceglarza jachtowego po\u0142\u0105czony<\/h1>\t\t<\/div>\n\t\t\t\t<\/div>\n\t\t\t\t\t<\/div>\n\t\t\t\t<\/div>\n\t\t\t\t\t<\/div>\n\t\t\t\t<\/div>\n\t\t<div class=\"elementor-element elementor-element-5badc1f0 e-flex e-con-boxed e-con e-parent\" data-id=\"5badc1f0\" data-element_type=\"container\">\n\t\t\t\t\t<div class=\"e-con-inner\">\n\t\t\t\t<div class=\"elementor-element elementor-element-37ba8bfc elementor-invisible elementor-widget elementor-widget-text-editor\" data-id=\"37ba8bfc\" data-element_type=\"widget\" data-settings=\"{&quot;_animation&quot;:&quot;fadeInUp&quot;}\" data-widget_type=\"text-editor.default\">\n\t\t\t\t<div class=\"elementor-widget-container\">\n\t\t\t\t\t\t\t<p><span style=\"color: #000000;\"><b>DLA DZIECI I M\u0141ODZIE\u017bY lub DLA DOROS\u0141YCH <\/b><\/span><\/p><p><b>CZAS TRWANIA:<\/b> minimum 6 dni (cz\u0119\u015b\u0107 praktyczna) rzeczywistego przebywania i \u017ceglowania na jachcie, poprzedzonego nauk\u0105 online w domu przed kursem (cz\u0119\u015b\u0107 teoretyczna)<\/p><p><b>LOKALIZACJA:<\/b> W\u0119gorzewo, Marina w Ruskiej Wsi, oraz inne mariny stosownie do planu szkolenia.<\/p><p><b>GRUPY:<\/b> grupy m\u0142odzie\u017cy od 14 lat (ew. m\u0142odsze dzieci bez prawa do zdawania egzaminu na patent \u017ceglarza jachtowego) lub doros\u0142ych.<\/p><p><b>SPOS\u00d3B RELIZACJI: <\/b><\/p><p>Cz\u0119\u015b\u0107 teoretyczna realizowana jest za pomoc\u0105 profesjonalnego kursu online z rozbudowan\u0105 baz\u0105 multimedialn\u0105 wraz z baz\u0105 test\u00f3w.<\/p><p>Cz\u0119\u015b\u0107 praktyczna realizowana jest na jachcie pod okiem instruktora ze stosownym udzia\u0142em w praktyce kursant\u00f3w.<\/p><p><b>ZAKWATEROWANIE: <\/b>na jachcie (cz\u0119\u015b\u0107 praktyczna)<\/p>\t\t\t\t\t\t<\/div>\n\t\t\t\t<\/div>\n\t\t\t\t\t<\/div>\n\t\t\t\t<\/div>\n\t\t\t\t<\/div>\n\t\t","protected":false},"excerpt":{"rendered":"<p>DLA DZIECI I M\u0141ODZIE\u017bY lub DLA DOROS\u0141YCH CZAS TRWANIA: minimum 6 dni (cz\u0119\u015b\u0107 praktyczna) rzeczywistego przebywania i \u017ceglowania na jachcie, poprzedzonego nauk\u0105 online w domu przed kursem (cz\u0119\u015b\u0107 teoretyczna) LOKALIZACJA: W\u0119gorzewo, Marina w Ruskiej Wsi, oraz inne mariny stosownie do planu szkolenia. GRUPY: grupy m\u0142odzie\u017cy od 14 lat (ew. m\u0142odsze dzieci bez prawa do zdawania [&hellip;]<\/p>\n","protected":false},"author":1,"featured_media":0,"parent":11,"menu_order":0,"comment_status":"closed","ping_status":"closed","template":"","meta":{"footnotes":""},"class_list":["post-2036","page","type-page","status-publish","hentry"],"_links":{"self":[{"href":"https:\/\/shamrock-yachts.pl\/index.php?rest_route=\/wp\/v2\/pages\/2036"}],"collection":[{"href":"https:\/\/shamrock-yachts.pl\/index.php?rest_route=\/wp\/v2\/pages"}],"about":[{"href":"https:\/\/shamrock-yachts.pl\/index.php?rest_route=\/wp\/v2\/types\/page"}],"author":[{"embeddable":true,"href":"https:\/\/shamrock-yachts.pl\/index.php?rest_route=\/wp\/v2\/users\/1"}],"replies":[{"embeddable":true,"href":"https:\/\/shamrock-yachts.pl\/index.php?rest_route=%2Fwp%2Fv2%2Fcomments&post=2036"}],"version-history":[{"count":7,"href":"https:\/\/shamrock-yachts.pl\/index.php?rest_route=\/wp\/v2\/pages\/2036\/revisions"}],"predecessor-version":[{"id":2064,"href":"https:\/\/shamrock-yachts.pl\/index.php?rest_route=\/wp\/v2\/pages\/2036\/revisions\/2064"}],"up":[{"embeddable":true,"href":"https:\/\/shamrock-yachts.pl\/index.php?rest_route=\/wp\/v2\/pages\/11"}],"wp:attachment":[{"href":"https:\/\/shamrock-yachts.pl\/index.php?rest_route=%2Fwp%2Fv2%2Fmedia&parent=2036"}],"curies":[{"name":"wp","href":"https:\/\/api.w.org\/{rel}","templated":true}]}}