

{"id":2039,"date":"2024-03-14T18:14:23","date_gmt":"2024-03-14T18:14:23","guid":{"rendered":"https:\/\/shamrock-yachts.pl\/?page_id=2039"},"modified":"2024-04-11T07:10:56","modified_gmt":"2024-04-11T07:10:56","slug":"weekendowa-wycieczka-szkolna-z-edukacja-historyczna","status":"publish","type":"page","link":"https:\/\/shamrock-yachts.pl\/?page_id=2039","title":{"rendered":"Weekendowa wycieczka szkolna z edukacj\u0105 historyczn\u0105"},"content":{"rendered":"\t\t<div data-elementor-type=\"wp-page\" data-elementor-id=\"2039\" class=\"elementor elementor-2039\" data-elementor-post-type=\"page\">\n\t\t\t\t<div class=\"elementor-element elementor-element-3bfad66c e-flex e-con-boxed elementor-invisible e-con e-parent\" data-id=\"3bfad66c\" data-element_type=\"container\" data-settings=\"{&quot;animation&quot;:&quot;fadeInUp&quot;}\">\n\t\t\t\t\t<div class=\"e-con-inner\">\n\t\t<div class=\"elementor-element elementor-element-5906374f e-flex e-con-boxed e-con e-child\" data-id=\"5906374f\" data-element_type=\"container\" data-settings=\"{&quot;background_background&quot;:&quot;classic&quot;}\">\n\t\t\t\t\t<div class=\"e-con-inner\">\n\t\t\t\t<div class=\"elementor-element elementor-element-2039e977 elementor-widget elementor-widget-theme-post-title elementor-page-title elementor-widget-heading\" data-id=\"2039e977\" data-element_type=\"widget\" data-widget_type=\"theme-post-title.default\">\n\t\t\t\t<div class=\"elementor-widget-container\">\n\t\t\t<h1 class=\"elementor-heading-title elementor-size-default\">Weekendowa wycieczka szkolna z edukacj\u0105 historyczn\u0105<\/h1>\t\t<\/div>\n\t\t\t\t<\/div>\n\t\t\t\t\t<\/div>\n\t\t\t\t<\/div>\n\t\t\t\t\t<\/div>\n\t\t\t\t<\/div>\n\t\t<div class=\"elementor-element elementor-element-5ffc9f01 e-flex e-con-boxed e-con e-parent\" data-id=\"5ffc9f01\" data-element_type=\"container\">\n\t\t\t\t\t<div class=\"e-con-inner\">\n\t\t\t\t<div class=\"elementor-element elementor-element-267631f1 elementor-invisible elementor-widget elementor-widget-text-editor\" data-id=\"267631f1\" data-element_type=\"widget\" data-settings=\"{&quot;_animation&quot;:&quot;fadeInUp&quot;}\" data-widget_type=\"text-editor.default\">\n\t\t\t\t<div class=\"elementor-widget-container\">\n\t\t\t\t\t\t\t<h4><strong><span style=\"color: #000000;\">WEEKENDOWA WYCIECZKA SZKOLNA Z EDUKACJ\u0104 HISTORYCZN\u0104 (KWIECIE\u0143-CZERWIEC, WRZESIE\u0143)<\/span><\/strong><\/h4><p><span style=\"color: #000000;\">Stosownie do potrzeb, indywidualnie dostosowane wycieczki \u017ceglarskie po\u0142\u0105czone z edukacj\u0105 historyczn\u0105 dla zorganizowanych grup szkolnych. <\/span><\/p>\t\t\t\t\t\t<\/div>\n\t\t\t\t<\/div>\n\t\t\t\t\t<\/div>\n\t\t\t\t<\/div>\n\t\t<div class=\"elementor-element elementor-element-eebb3b4 e-con-full e-flex elementor-invisible e-con e-parent\" data-id=\"eebb3b4\" data-element_type=\"container\" data-settings=\"{&quot;animation&quot;:&quot;fadeInUp&quot;}\">\n\t\t\t\t<div class=\"elementor-element elementor-element-fffc1b2 elementor-widget elementor-widget-heading\" data-id=\"fffc1b2\" data-element_type=\"widget\" data-widget_type=\"heading.default\">\n\t\t\t\t<div class=\"elementor-widget-container\">\n\t\t\t<h2 class=\"elementor-heading-title elementor-size-default\">Napisz do nas<\/h2>\t\t<\/div>\n\t\t\t\t<\/div>\n\t\t\t\t<div class=\"elementor-element elementor-element-d2d8658 elementor-widget elementor-widget-image\" data-id=\"d2d8658\" data-element_type=\"widget\" data-widget_type=\"image.default\">\n\t\t\t\t<div class=\"elementor-widget-container\">\n\t\t\t\t\t\t\t\t\t\t\t\t\t<img decoding=\"async\" width=\"85\" height=\"7\" src=\"https:\/\/shamrock-yachts.pl\/wp-content\/uploads\/2023\/12\/wave.png\" class=\"attachment-large size-large wp-image-110\" alt=\"\" \/>\t\t\t\t\t\t\t\t\t\t\t\t\t<\/div>\n\t\t\t\t<\/div>\n\t\t\t\t<\/div>\n\t\t<div class=\"elementor-element elementor-element-51c1577 e-flex e-con-boxed e-con e-parent\" data-id=\"51c1577\" data-element_type=\"container\" data-settings=\"{&quot;background_background&quot;:&quot;classic&quot;}\">\n\t\t\t\t\t<div class=\"e-con-inner\">\n\t\t<div class=\"elementor-element elementor-element-e762b11 e-con-full e-flex elementor-invisible e-con e-child\" data-id=\"e762b11\" data-element_type=\"container\" data-settings=\"{&quot;animation&quot;:&quot;fadeInUp&quot;,&quot;animation_delay&quot;:100}\">\n\t\t\t\t<div class=\"elementor-element elementor-element-cb39bef elementor-widget elementor-widget-shortcode\" data-id=\"cb39bef\" data-element_type=\"widget\" data-widget_type=\"shortcode.default\">\n\t\t\t\t<div class=\"elementor-widget-container\">\n\t\t\t\t\t<div class=\"elementor-shortcode\">\n<div class=\"wpcf7 no-js\" id=\"wpcf7-f160-o1\" lang=\"pl-PL\" dir=\"ltr\">\n<div class=\"screen-reader-response\"><p role=\"status\" aria-live=\"polite\" aria-atomic=\"true\"><\/p> <ul><\/ul><\/div>\n<form action=\"\/index.php?rest_route=%2Fwp%2Fv2%2Fpages%2F2039#wpcf7-f160-o1\" method=\"post\" class=\"wpcf7-form init\" aria-label=\"Formularz kontaktowy\" novalidate=\"novalidate\" data-status=\"init\">\n<div style=\"display: none;\">\n<input type=\"hidden\" name=\"_wpcf7\" value=\"160\" \/>\n<input type=\"hidden\" name=\"_wpcf7_version\" value=\"5.9.8\" \/>\n<input type=\"hidden\" name=\"_wpcf7_locale\" value=\"pl_PL\" \/>\n<input type=\"hidden\" name=\"_wpcf7_unit_tag\" value=\"wpcf7-f160-o1\" \/>\n<input type=\"hidden\" name=\"_wpcf7_container_post\" value=\"0\" \/>\n<input type=\"hidden\" name=\"_wpcf7_posted_data_hash\" value=\"\" \/>\n<\/div>\n<div class=\"row\">\n\t<div class=\"col-lg-6\">\n\t\t<p><span class=\"wpcf7-form-control-wrap\" data-name=\"your-name\"><input size=\"40\" maxlength=\"400\" class=\"wpcf7-form-control wpcf7-text wpcf7-validates-as-required\" aria-required=\"true\" aria-invalid=\"false\" placeholder=\"Twoje imi\u0119...\" value=\"\" type=\"text\" name=\"your-name\" \/><\/span>\n\t\t<\/p>\n\t<\/div>\n\t<div class=\"col-lg-6\">\n\t\t<p><span class=\"wpcf7-form-control-wrap\" data-name=\"text-637\"><input size=\"40\" maxlength=\"400\" class=\"wpcf7-form-control wpcf7-text wpcf7-validates-as-required\" aria-required=\"true\" aria-invalid=\"false\" placeholder=\"Twoje nazwisko...\" value=\"\" type=\"text\" name=\"text-637\" \/><\/span>\n\t\t<\/p>\n\t<\/div>\n\t<div class=\"col-lg-6\">\n\t\t<p><span class=\"wpcf7-form-control-wrap\" data-name=\"your-email\"><input size=\"40\" maxlength=\"400\" class=\"wpcf7-form-control wpcf7-email wpcf7-validates-as-required wpcf7-text wpcf7-validates-as-email\" aria-required=\"true\" aria-invalid=\"false\" placeholder=\"Adres e-mail...\" value=\"\" type=\"email\" name=\"your-email\" \/><\/span>\n\t\t<\/p>\n\t<\/div>\n\t<div class=\"col-lg-6\">\n\t\t<p><span class=\"wpcf7-form-control-wrap\" data-name=\"tel-827\"><input size=\"40\" maxlength=\"9\" minlength=\"9\" class=\"wpcf7-form-control wpcf7-tel wpcf7-validates-as-required wpcf7-text wpcf7-validates-as-tel\" aria-required=\"true\" aria-invalid=\"false\" placeholder=\"Numer telefonu...\" value=\"\" type=\"tel\" name=\"tel-827\" \/><\/span>\n\t\t<\/p>\n\t<\/div>\n\t<div class=\"col-lg-12\">\n\t\t<p><span class=\"wpcf7-form-control-wrap\" data-name=\"your-message\"><textarea cols=\"40\" rows=\"10\" maxlength=\"2000\" class=\"wpcf7-form-control wpcf7-textarea wpcf7-validates-as-required\" aria-required=\"true\" aria-invalid=\"false\" placeholder=\"Tre\u015b\u0107 wiadomo\u015bci...\" name=\"your-message\"><\/textarea><\/span><br \/>\n<input class=\"wpcf7-form-control wpcf7-submit has-spinner button\" type=\"submit\" value=\"Wy\u015blij wiadomo\u015b\u0107\" \/>\n\t\t<\/p>\n\t<\/div>\n<\/div><div class=\"wpcf7-response-output\" aria-hidden=\"true\"><\/div>\n<\/form>\n<\/div>\n<\/div>\n\t\t\t\t<\/div>\n\t\t\t\t<\/div>\n\t\t\t\t<\/div>\n\t\t<div class=\"elementor-element elementor-element-bf8bc52 e-con-full e-flex elementor-invisible e-con e-child\" data-id=\"bf8bc52\" data-element_type=\"container\" data-settings=\"{&quot;animation&quot;:&quot;fadeInUp&quot;,&quot;animation_delay&quot;:200}\">\n\t\t\t\t<div class=\"elementor-element elementor-element-2fb44cb elementor-widget elementor-widget-text-editor\" data-id=\"2fb44cb\" data-element_type=\"widget\" data-widget_type=\"text-editor.default\">\n\t\t\t\t<div class=\"elementor-widget-container\">\n\t\t\t\t\t\t\t<h5>Adres<\/h5><p>Ruska Wie\u015b 9,<\/p><p>11-600 W\u0119gorzewo <a href=\"mailto:shamrockyachts@gmail.com\">shamrockyachts@gmail.com<\/a><\/p>\t\t\t\t\t\t<\/div>\n\t\t\t\t<\/div>\n\t\t\t\t<div class=\"elementor-element elementor-element-c92bb8b elementor-widget elementor-widget-text-editor\" data-id=\"c92bb8b\" data-element_type=\"widget\" data-widget_type=\"text-editor.default\">\n\t\t\t\t<div class=\"elementor-widget-container\">\n\t\t\t\t\t\t\t<h5>Rezerwacja<\/h5><p>+48 510 513 310 <a href=\"mailto:shamrockyachts@gmail.com\">shamrockyachts@gmail.com<\/a><\/p>\t\t\t\t\t\t<\/div>\n\t\t\t\t<\/div>\n\t\t\t\t<div class=\"elementor-element elementor-element-f1351a2 elementor-widget elementor-widget-text-editor\" data-id=\"f1351a2\" data-element_type=\"widget\" data-widget_type=\"text-editor.default\">\n\t\t\t\t<div class=\"elementor-widget-container\">\n\t\t\t\t\t\t\t<h5>Partner Irlandia<\/h5><p>0035 3862014600 <a href=\"mailto:shamrockyachts@gmail.com\">shamrockyachts@gmail.com<\/a><\/p>\t\t\t\t\t\t<\/div>\n\t\t\t\t<\/div>\n\t\t\t\t<\/div>\n\t\t<div class=\"elementor-element elementor-element-309f121 e-con-full e-flex elementor-invisible e-con e-child\" data-id=\"309f121\" data-element_type=\"container\" data-settings=\"{&quot;animation&quot;:&quot;fadeInUp&quot;,&quot;animation_delay&quot;:200}\">\n\t\t\t\t<div class=\"elementor-element elementor-element-8f68029 elementor-widget elementor-widget-text-editor\" data-id=\"8f68029\" data-element_type=\"widget\" data-widget_type=\"text-editor.default\">\n\t\t\t\t<div class=\"elementor-widget-container\">\n\t\t\t\t\t\t\t<h5>SIedziba Firmy<\/h5><p class=\"p1\"><b>SHAMROCK YACHTS <\/b>\u00a0\u00a0<br \/>ul. Bosma\u0144ka 10\/9, 82-300 Elbl\u0105g KRS:0000973259, <br \/>NIP: 57831545560<\/p>\t\t\t\t\t\t<\/div>\n\t\t\t\t<\/div>\n\t\t\t\t<\/div>\n\t\t\t\t\t<\/div>\n\t\t\t\t<\/div>\n\t\t<div class=\"elementor-element elementor-element-5a59822 e-flex e-con-boxed elementor-invisible e-con e-parent\" data-id=\"5a59822\" data-element_type=\"container\" data-settings=\"{&quot;background_background&quot;:&quot;classic&quot;,&quot;animation&quot;:&quot;fadeInUp&quot;}\">\n\t\t\t\t\t<div class=\"e-con-inner\">\n\t\t\t\t<div class=\"elementor-element elementor-element-82c0883 elementor-widget elementor-widget-heading\" data-id=\"82c0883\" data-element_type=\"widget\" data-widget_type=\"heading.default\">\n\t\t\t\t<div class=\"elementor-widget-container\">\n\t\t\t<h2 class=\"elementor-heading-title elementor-size-default\">Do\u0142\u0105cz do naszego newslettera<\/h2>\t\t<\/div>\n\t\t\t\t<\/div>\n\t\t\t\t<div class=\"elementor-element elementor-element-82d28ab elementor-widget__width-inherit elementor-button-align-stretch elementor-widget elementor-widget-global elementor-global-2412 elementor-widget-form\" data-id=\"82d28ab\" data-element_type=\"widget\" data-settings=\"{&quot;step_next_label&quot;:&quot;Next&quot;,&quot;step_previous_label&quot;:&quot;Previous&quot;,&quot;button_width&quot;:&quot;33&quot;,&quot;step_type&quot;:&quot;number_text&quot;,&quot;step_icon_shape&quot;:&quot;circle&quot;}\" data-widget_type=\"form.default\">\n\t\t\t\t<div class=\"elementor-widget-container\">\n\t\t\t\t\t<form class=\"elementor-form\" method=\"post\" name=\"Newsletter Form\">\n\t\t\t<input type=\"hidden\" name=\"post_id\" value=\"2039\"\/>\n\t\t\t<input type=\"hidden\" name=\"form_id\" value=\"82d28ab\"\/>\n\t\t\t<input type=\"hidden\" name=\"referer_title\" value=\"\" \/>\n\n\t\t\t\n\t\t\t<div class=\"elementor-form-fields-wrapper elementor-labels-\">\n\t\t\t\t\t\t\t\t<div class=\"elementor-field-type-text elementor-field-group elementor-column elementor-field-group-field_7a6d165 elementor-col-33\">\n\t\t\t\t\t\t\t\t\t\t\t\t<label for=\"form-field-field_7a6d165\" class=\"elementor-field-label elementor-screen-only\">\n\t\t\t\t\t\t\t\tImi\u0119\t\t\t\t\t\t\t<\/label>\n\t\t\t\t\t\t\t\t\t\t\t\t\t\t<input size=\"1\" type=\"text\" name=\"form_fields[field_7a6d165]\" id=\"form-field-field_7a6d165\" class=\"elementor-field elementor-size-md  elementor-field-textual\" placeholder=\"Imi\u0119\">\n\t\t\t\t\t\t\t\t\t\t\t<\/div>\n\t\t\t\t\t\t\t\t<div class=\"elementor-field-type-email elementor-field-group elementor-column elementor-field-group-email elementor-col-33 elementor-field-required\">\n\t\t\t\t\t\t\t\t\t\t\t\t<label for=\"form-field-email\" class=\"elementor-field-label elementor-screen-only\">\n\t\t\t\t\t\t\t\tEmail\t\t\t\t\t\t\t<\/label>\n\t\t\t\t\t\t\t\t\t\t\t\t\t\t<input size=\"1\" type=\"email\" name=\"form_fields[email]\" id=\"form-field-email\" class=\"elementor-field elementor-size-md  elementor-field-textual\" placeholder=\"Email\" required=\"required\" aria-required=\"true\">\n\t\t\t\t\t\t\t\t\t\t\t<\/div>\n\t\t\t\t\t\t\t\t<div class=\"elementor-field-group elementor-column elementor-field-type-submit elementor-col-33 e-form__buttons\">\n\t\t\t\t\t<button type=\"submit\" class=\"elementor-button elementor-size-md\" id=\"newsletter-button\">\n\t\t\t\t\t\t<span >\n\t\t\t\t\t\t\t\t\t\t\t\t\t\t\t<span class=\" elementor-button-icon\">\n\t\t\t\t\t\t\t\t\t\t\t\t\t\t\t\t\t\t\t\t\t\t\t\t\t\t<\/span>\n\t\t\t\t\t\t\t\t\t\t\t\t\t\t\t\t\t\t\t\t\t\t<span class=\"elementor-button-text\">Zapisz si\u0119<\/span>\n\t\t\t\t\t\t\t\t\t\t\t\t\t<\/span>\n\t\t\t\t\t<\/button>\n\t\t\t\t<\/div>\n\t\t\t<\/div>\n\t\t<\/form>\n\t\t\t\t<\/div>\n\t\t\t\t<\/div>\n\t\t\t\t\t<\/div>\n\t\t\t\t<\/div>\n\t\t\t\t<\/div>\n\t\t","protected":false},"excerpt":{"rendered":"<p>WEEKENDOWA WYCIECZKA SZKOLNA Z EDUKACJ\u0104 HISTORYCZN\u0104 (KWIECIE\u0143-CZERWIEC, WRZESIE\u0143) Stosownie do potrzeb, indywidualnie dostosowane wycieczki \u017ceglarskie po\u0142\u0105czone z edukacj\u0105 historyczn\u0105 dla zorganizowanych grup szkolnych. Napisz do nas Adres Ruska Wie\u015b 9, 11-600 W\u0119gorzewo shamrockyachts@gmail.com Rezerwacja +48 510 513 310 shamrockyachts@gmail.com Partner Irlandia 0035 3862014600 shamrockyachts@gmail.com SIedziba Firmy SHAMROCK YACHTS \u00a0\u00a0ul. Bosma\u0144ka 10\/9, 82-300 Elbl\u0105g KRS:0000973259, NIP: [&hellip;]<\/p>\n","protected":false},"author":1,"featured_media":0,"parent":11,"menu_order":0,"comment_status":"closed","ping_status":"closed","template":"","meta":{"footnotes":""},"class_list":["post-2039","page","type-page","status-publish","hentry"],"_links":{"self":[{"href":"https:\/\/shamrock-yachts.pl\/index.php?rest_route=\/wp\/v2\/pages\/2039"}],"collection":[{"href":"https:\/\/shamrock-yachts.pl\/index.php?rest_route=\/wp\/v2\/pages"}],"about":[{"href":"https:\/\/shamrock-yachts.pl\/index.php?rest_route=\/wp\/v2\/types\/page"}],"author":[{"embeddable":true,"href":"https:\/\/shamrock-yachts.pl\/index.php?rest_route=\/wp\/v2\/users\/1"}],"replies":[{"embeddable":true,"href":"https:\/\/shamrock-yachts.pl\/index.php?rest_route=%2Fwp%2Fv2%2Fcomments&post=2039"}],"version-history":[{"count":13,"href":"https:\/\/shamrock-yachts.pl\/index.php?rest_route=\/wp\/v2\/pages\/2039\/revisions"}],"predecessor-version":[{"id":2502,"href":"https:\/\/shamrock-yachts.pl\/index.php?rest_route=\/wp\/v2\/pages\/2039\/revisions\/2502"}],"up":[{"embeddable":true,"href":"https:\/\/shamrock-yachts.pl\/index.php?rest_route=\/wp\/v2\/pages\/11"}],"wp:attachment":[{"href":"https:\/\/shamrock-yachts.pl\/index.php?rest_route=%2Fwp%2Fv2%2Fmedia&parent=2039"}],"curies":[{"name":"wp","href":"https:\/\/api.w.org\/{rel}","templated":true}]}}