

{"id":2363,"date":"2024-04-10T15:01:27","date_gmt":"2024-04-10T15:01:27","guid":{"rendered":"https:\/\/shamrock-yachts.pl\/?page_id=2363"},"modified":"2024-04-11T06:52:51","modified_gmt":"2024-04-11T06:52:51","slug":"zalozyciele","status":"publish","type":"page","link":"https:\/\/shamrock-yachts.pl\/?page_id=2363","title":{"rendered":"Za\u0142o\u017cyciele"},"content":{"rendered":"\t\t<div data-elementor-type=\"wp-page\" data-elementor-id=\"2363\" class=\"elementor elementor-2363\" data-elementor-post-type=\"page\">\n\t\t\t\t<div class=\"elementor-element elementor-element-358a9c6a e-flex e-con-boxed elementor-invisible e-con e-parent\" data-id=\"358a9c6a\" data-element_type=\"container\" data-settings=\"{&quot;animation&quot;:&quot;fadeInUp&quot;}\">\n\t\t\t\t\t<div class=\"e-con-inner\">\n\t\t<div class=\"elementor-element elementor-element-7a3b68ca e-flex e-con-boxed e-con e-child\" data-id=\"7a3b68ca\" data-element_type=\"container\" data-settings=\"{&quot;background_background&quot;:&quot;classic&quot;}\">\n\t\t\t\t\t<div class=\"e-con-inner\">\n\t\t\t\t<div class=\"elementor-element elementor-element-6baaaeec elementor-widget elementor-widget-heading\" data-id=\"6baaaeec\" data-element_type=\"widget\" data-widget_type=\"heading.default\">\n\t\t\t\t<div class=\"elementor-widget-container\">\n\t\t\t<h1 class=\"elementor-heading-title elementor-size-default\">Za\u0142o\u017cyciele<\/h1>\t\t<\/div>\n\t\t\t\t<\/div>\n\t\t\t\t\t<\/div>\n\t\t\t\t<\/div>\n\t\t\t\t\t<\/div>\n\t\t\t\t<\/div>\n\t\t<div class=\"elementor-element elementor-element-7e0c8311 e-flex e-con-boxed e-con e-parent\" data-id=\"7e0c8311\" data-element_type=\"container\">\n\t\t\t\t\t<div class=\"e-con-inner\">\n\t\t<div class=\"elementor-element elementor-element-12036150 e-con-full e-flex e-con e-child\" data-id=\"12036150\" data-element_type=\"container\">\n\t\t\t\t<div class=\"elementor-element elementor-element-11101556 elementor-invisible elementor-widget elementor-widget-image\" data-id=\"11101556\" data-element_type=\"widget\" data-settings=\"{&quot;_animation&quot;:&quot;fadeInUp&quot;}\" data-widget_type=\"image.default\">\n\t\t\t\t<div class=\"elementor-widget-container\">\n\t\t\t\t\t\t\t\t\t\t\t\t\t<img fetchpriority=\"high\" decoding=\"async\" width=\"720\" height=\"960\" src=\"https:\/\/shamrock-yachts.pl\/wp-content\/uploads\/2023\/12\/Bartek.jpg\" class=\"attachment-large size-large wp-image-1185\" alt=\"\" srcset=\"https:\/\/shamrock-yachts.pl\/wp-content\/uploads\/2023\/12\/Bartek.jpg 720w, https:\/\/shamrock-yachts.pl\/wp-content\/uploads\/2023\/12\/Bartek-600x800.jpg 600w, https:\/\/shamrock-yachts.pl\/wp-content\/uploads\/2023\/12\/Bartek-225x300.jpg 225w\" sizes=\"(max-width: 720px) 100vw, 720px\" \/>\t\t\t\t\t\t\t\t\t\t\t\t\t<\/div>\n\t\t\t\t<\/div>\n\t\t\t\t<\/div>\n\t\t<div class=\"elementor-element elementor-element-7ae6cbf6 e-con-full e-flex e-con e-child\" data-id=\"7ae6cbf6\" data-element_type=\"container\">\n\t\t\t\t<div class=\"elementor-element elementor-element-2304c008 elementor-invisible elementor-widget elementor-widget-text-editor\" data-id=\"2304c008\" data-element_type=\"widget\" data-settings=\"{&quot;_animation&quot;:&quot;fadeInUp&quot;,&quot;_animation_delay&quot;:100}\" data-widget_type=\"text-editor.default\">\n\t\t\t\t<div class=\"elementor-widget-container\">\n\t\t\t\t\t\t\t<p><strong>Bartek:<\/strong><br \/>z wykszta\u0142cenia magister historii oraz absolwent studi\u00f3w podyplomowych z zarz\u0105dzania zasobami ludzkimi na <strong>Uniwersytecie \u0141\u00f3dzkim<\/strong>. Od najm\u0142odszych lat zwi\u0105zany z podr\u00f3\u017cami i histori\u0105. Zami\u0142owanie do historii, tajemnic i zwiedzania wpoili mu rodzice pokazuj\u0105c uroki Polski i pa\u0144stw o\u015bciennych ju\u017c w latach <strong>80 tych<\/strong>. To samo skutecznie przenosi na swoje dwie c\u00f3rki Juli\u0119 (studentka) i Justyn\u0119 (licealistka).<\/p><p>\u00a0<\/p><p>Zawodowo postawi\u0142 na zarz\u0105dzanie i rozwija\u0142 si\u0119 w strukturach sprzeda\u017cowych wielu firm krajowych i mi\u0119dzynarodowych (np. Kompania Piwowarska, Media Expert). Zarz\u0105dzanie zasobami ludzkimi w firmach przeni\u00f3s\u0142 na pasj\u0119 do \u017ceglarstwa i na pok\u0142ad jachtu. Zdoby\u0142 kolejne szczeble stopni \u017ceglarskich i motorowodnych na instruktorze ko\u0144cz\u0105c. Stworzy\u0142 od podstaw w\u0142asny projekt \u017ceglarski <a href=\"https:\/\/www.facebook.com\/tata.na.Mazury\"><strong>\u201eTata na Mazury\u201d<\/strong><\/a>, kt\u00f3ry rozpocz\u0105\u0142 si\u0119 w roku pandemicznym a udzia\u0142 w nim bra\u0142o ju\u017c ponad <strong>1000 os\u00f3b.<\/strong> Projekt jest przeznaczony dla ojc\u00f3w z dzie\u0107mi i pomaga w zacie\u015bnieniu tych relacji a poprzez autorsk\u0105 gr\u0119 <strong>\u201eSkarb Galind\u00f3w\u201d<\/strong> uczy zdrowej rywalizacji i poszerza wiedz\u0119 o starodawnych mieszka\u0144cach Mazur.<\/p><p>\u00a0<\/p><p>Pod k\u0105tem edukacji: nauczanie i szkolenie poprzez trening, coaching i wyk\u0142ady w r\u00f3\u017cnej formie. Prowadzenie prezentacji i warsztat\u00f3w dla du\u017cych grup. Zarz\u0105dzanie zespo\u0142ami od kilku do kilkuset os\u00f3b. Pod katem \u017ceglarskim: blisko <strong>20 letnie do\u015bwiadczenie<\/strong> w \u017ceglowaniu z osobami w r\u00f3\u017cnym wieku i zaawansowaniu \u017ceglarskim. Stopie\u0144 instruktorski w sporcie \u017ceglarstwo i sporty motorowodne wraz z metodologi\u0105 nauczania. Kilkaset wyp\u0142ywanych godzin w projektach morskich indywidualnie i we flotylli jacht\u00f3w.<\/p>\t\t\t\t\t\t<\/div>\n\t\t\t\t<\/div>\n\t\t\t\t<\/div>\n\t\t\t\t\t<\/div>\n\t\t\t\t<\/div>\n\t\t<div class=\"elementor-element elementor-element-580bc55d e-flex e-con-boxed e-con e-parent\" data-id=\"580bc55d\" data-element_type=\"container\">\n\t\t\t\t\t<div class=\"e-con-inner\">\n\t\t<div class=\"elementor-element elementor-element-248780c5 e-con-full e-flex e-con e-child\" data-id=\"248780c5\" data-element_type=\"container\">\n\t\t\t\t<div class=\"elementor-element elementor-element-719eae99 elementor-invisible elementor-widget elementor-widget-text-editor\" data-id=\"719eae99\" data-element_type=\"widget\" data-settings=\"{&quot;_animation&quot;:&quot;fadeInUp&quot;,&quot;_animation_delay&quot;:100}\" data-widget_type=\"text-editor.default\">\n\t\t\t\t<div class=\"elementor-widget-container\">\n\t\t\t\t\t\t\t<p><strong>Krzysiek:<\/strong><\/p><p><strong>Jachtowy Sternik Morski\/<\/strong>zwi\u0105zany ze sportami wodnymi od wczesnych lat szkolnych, w g\u0142\u00f3wnej mierze dzi\u0119ki przynale\u017cno\u015bci do\u00a0<strong>Zwi\u0105zku Harcerstwa Polskiego<\/strong>, gdzie odbywa\u0142 pierwsze szkolenia w zakresie \u0142odzi motorowodnych (1998) i \u017ceglarstwa, a tak\u017ce metodyki organizacji zaj\u0119\u0107 szkoleniowych. Na dalszym etapie rozwoju zawodowego zdoby\u0142 do\u015bwiadczenie w pracy zawodowej w\u00a0<strong>Wojsku Polskim<\/strong>, \u00a0Regularnie uzupe\u0142nia wyszkolenie \u017ceglarskie zar\u00f3wno na \u015br\u00f3dl\u0105dziu jak i na morzu. Skipper na kilku imprezach pt.:\u00a0<strong>\u201cTata na Mazury\u201d.<\/strong><\/p>\t\t\t\t\t\t<\/div>\n\t\t\t\t<\/div>\n\t\t\t\t<\/div>\n\t\t<div class=\"elementor-element elementor-element-646bcf6d e-con-full e-flex e-con e-child\" data-id=\"646bcf6d\" data-element_type=\"container\">\n\t\t\t\t<div class=\"elementor-element elementor-element-2c1da2ef elementor-invisible elementor-widget elementor-widget-image\" data-id=\"2c1da2ef\" data-element_type=\"widget\" data-settings=\"{&quot;_animation&quot;:&quot;fadeInUp&quot;}\" data-widget_type=\"image.default\">\n\t\t\t\t<div class=\"elementor-widget-container\">\n\t\t\t\t\t\t\t\t\t\t\t\t\t<img decoding=\"async\" width=\"1024\" height=\"768\" src=\"https:\/\/shamrock-yachts.pl\/wp-content\/uploads\/2024\/03\/IMG_0047-1024x768.jpg\" class=\"attachment-large size-large wp-image-2025\" alt=\"\" srcset=\"https:\/\/shamrock-yachts.pl\/wp-content\/uploads\/2024\/03\/IMG_0047-1024x768.jpg 1024w, https:\/\/shamrock-yachts.pl\/wp-content\/uploads\/2024\/03\/IMG_0047-scaled-600x450.jpg 600w, https:\/\/shamrock-yachts.pl\/wp-content\/uploads\/2024\/03\/IMG_0047-300x225.jpg 300w, https:\/\/shamrock-yachts.pl\/wp-content\/uploads\/2024\/03\/IMG_0047-768x576.jpg 768w, https:\/\/shamrock-yachts.pl\/wp-content\/uploads\/2024\/03\/IMG_0047-1536x1152.jpg 1536w, https:\/\/shamrock-yachts.pl\/wp-content\/uploads\/2024\/03\/IMG_0047-2048x1536.jpg 2048w\" sizes=\"(max-width: 1024px) 100vw, 1024px\" \/>\t\t\t\t\t\t\t\t\t\t\t\t\t<\/div>\n\t\t\t\t<\/div>\n\t\t\t\t<\/div>\n\t\t\t\t\t<\/div>\n\t\t\t\t<\/div>\n\t\t<div class=\"elementor-element elementor-element-dbac0bf e-flex e-con-boxed elementor-invisible e-con e-parent\" data-id=\"dbac0bf\" data-element_type=\"container\" data-settings=\"{&quot;background_background&quot;:&quot;classic&quot;,&quot;animation&quot;:&quot;fadeInUp&quot;}\">\n\t\t\t\t\t<div class=\"e-con-inner\">\n\t\t\t\t<div class=\"elementor-element elementor-element-7618e11 elementor-widget elementor-widget-heading\" data-id=\"7618e11\" data-element_type=\"widget\" data-widget_type=\"heading.default\">\n\t\t\t\t<div class=\"elementor-widget-container\">\n\t\t\t<h2 class=\"elementor-heading-title elementor-size-default\">Do\u0142\u0105cz do naszego newslettera<\/h2>\t\t<\/div>\n\t\t\t\t<\/div>\n\t\t\t\t<div class=\"elementor-element elementor-element-569f6ff elementor-widget__width-inherit elementor-button-align-stretch elementor-widget elementor-widget-global elementor-global-2412 elementor-widget-form\" data-id=\"569f6ff\" data-element_type=\"widget\" data-settings=\"{&quot;step_next_label&quot;:&quot;Next&quot;,&quot;step_previous_label&quot;:&quot;Previous&quot;,&quot;button_width&quot;:&quot;33&quot;,&quot;step_type&quot;:&quot;number_text&quot;,&quot;step_icon_shape&quot;:&quot;circle&quot;}\" data-widget_type=\"form.default\">\n\t\t\t\t<div class=\"elementor-widget-container\">\n\t\t\t\t\t<form class=\"elementor-form\" method=\"post\" name=\"Newsletter Form\">\n\t\t\t<input type=\"hidden\" name=\"post_id\" value=\"2363\"\/>\n\t\t\t<input type=\"hidden\" name=\"form_id\" value=\"569f6ff\"\/>\n\t\t\t<input type=\"hidden\" name=\"referer_title\" value=\"\" \/>\n\n\t\t\t\n\t\t\t<div class=\"elementor-form-fields-wrapper elementor-labels-\">\n\t\t\t\t\t\t\t\t<div class=\"elementor-field-type-text elementor-field-group elementor-column elementor-field-group-field_7a6d165 elementor-col-33\">\n\t\t\t\t\t\t\t\t\t\t\t\t<label for=\"form-field-field_7a6d165\" class=\"elementor-field-label elementor-screen-only\">\n\t\t\t\t\t\t\t\tImi\u0119\t\t\t\t\t\t\t<\/label>\n\t\t\t\t\t\t\t\t\t\t\t\t\t\t<input size=\"1\" type=\"text\" name=\"form_fields[field_7a6d165]\" id=\"form-field-field_7a6d165\" class=\"elementor-field elementor-size-md  elementor-field-textual\" placeholder=\"Imi\u0119\">\n\t\t\t\t\t\t\t\t\t\t\t<\/div>\n\t\t\t\t\t\t\t\t<div class=\"elementor-field-type-email elementor-field-group elementor-column elementor-field-group-email elementor-col-33 elementor-field-required\">\n\t\t\t\t\t\t\t\t\t\t\t\t<label for=\"form-field-email\" class=\"elementor-field-label elementor-screen-only\">\n\t\t\t\t\t\t\t\tEmail\t\t\t\t\t\t\t<\/label>\n\t\t\t\t\t\t\t\t\t\t\t\t\t\t<input size=\"1\" type=\"email\" name=\"form_fields[email]\" id=\"form-field-email\" class=\"elementor-field elementor-size-md  elementor-field-textual\" placeholder=\"Email\" required=\"required\" aria-required=\"true\">\n\t\t\t\t\t\t\t\t\t\t\t<\/div>\n\t\t\t\t\t\t\t\t<div class=\"elementor-field-group elementor-column elementor-field-type-submit elementor-col-33 e-form__buttons\">\n\t\t\t\t\t<button type=\"submit\" class=\"elementor-button elementor-size-md\" id=\"newsletter-button\">\n\t\t\t\t\t\t<span >\n\t\t\t\t\t\t\t\t\t\t\t\t\t\t\t<span class=\" elementor-button-icon\">\n\t\t\t\t\t\t\t\t\t\t\t\t\t\t\t\t\t\t\t\t\t\t\t\t\t\t<\/span>\n\t\t\t\t\t\t\t\t\t\t\t\t\t\t\t\t\t\t\t\t\t\t<span class=\"elementor-button-text\">Zapisz si\u0119<\/span>\n\t\t\t\t\t\t\t\t\t\t\t\t\t<\/span>\n\t\t\t\t\t<\/button>\n\t\t\t\t<\/div>\n\t\t\t<\/div>\n\t\t<\/form>\n\t\t\t\t<\/div>\n\t\t\t\t<\/div>\n\t\t\t\t\t<\/div>\n\t\t\t\t<\/div>\n\t\t\t\t<\/div>\n\t\t","protected":false},"excerpt":{"rendered":"<p>Za\u0142o\u017cyciele Bartek:z wykszta\u0142cenia magister historii oraz absolwent studi\u00f3w podyplomowych z zarz\u0105dzania zasobami ludzkimi na Uniwersytecie \u0141\u00f3dzkim. Od najm\u0142odszych lat zwi\u0105zany z podr\u00f3\u017cami i histori\u0105. Zami\u0142owanie do historii, tajemnic i zwiedzania wpoili mu rodzice pokazuj\u0105c uroki Polski i pa\u0144stw o\u015bciennych ju\u017c w latach 80 tych. To samo skutecznie przenosi na swoje dwie c\u00f3rki Juli\u0119 (studentka) i [&hellip;]<\/p>\n","protected":false},"author":1,"featured_media":0,"parent":13,"menu_order":0,"comment_status":"closed","ping_status":"closed","template":"","meta":{"footnotes":""},"class_list":["post-2363","page","type-page","status-publish","hentry"],"_links":{"self":[{"href":"https:\/\/shamrock-yachts.pl\/index.php?rest_route=\/wp\/v2\/pages\/2363"}],"collection":[{"href":"https:\/\/shamrock-yachts.pl\/index.php?rest_route=\/wp\/v2\/pages"}],"about":[{"href":"https:\/\/shamrock-yachts.pl\/index.php?rest_route=\/wp\/v2\/types\/page"}],"author":[{"embeddable":true,"href":"https:\/\/shamrock-yachts.pl\/index.php?rest_route=\/wp\/v2\/users\/1"}],"replies":[{"embeddable":true,"href":"https:\/\/shamrock-yachts.pl\/index.php?rest_route=%2Fwp%2Fv2%2Fcomments&post=2363"}],"version-history":[{"count":7,"href":"https:\/\/shamrock-yachts.pl\/index.php?rest_route=\/wp\/v2\/pages\/2363\/revisions"}],"predecessor-version":[{"id":2455,"href":"https:\/\/shamrock-yachts.pl\/index.php?rest_route=\/wp\/v2\/pages\/2363\/revisions\/2455"}],"up":[{"embeddable":true,"href":"https:\/\/shamrock-yachts.pl\/index.php?rest_route=\/wp\/v2\/pages\/13"}],"wp:attachment":[{"href":"https:\/\/shamrock-yachts.pl\/index.php?rest_route=%2Fwp%2Fv2%2Fmedia&parent=2363"}],"curies":[{"name":"wp","href":"https:\/\/api.w.org\/{rel}","templated":true}]}}