

{"id":7,"date":"2023-12-10T18:34:26","date_gmt":"2023-12-10T18:34:26","guid":{"rendered":"https:\/\/shamrock-yachts.pl\/?page_id=7"},"modified":"2023-12-20T09:22:58","modified_gmt":"2023-12-20T09:22:58","slug":"eventy","status":"publish","type":"page","link":"https:\/\/shamrock-yachts.pl\/?page_id=7","title":{"rendered":"Eventy"},"content":{"rendered":"\t\t<div data-elementor-type=\"wp-page\" data-elementor-id=\"7\" class=\"elementor elementor-7\" data-elementor-post-type=\"page\">\n\t\t\t\t<div class=\"elementor-element elementor-element-523da5f2 e-con-full e-flex e-con e-parent\" data-id=\"523da5f2\" data-element_type=\"container\" data-settings=\"{&quot;background_background&quot;:&quot;classic&quot;}\">\n\t\t\t\t<div class=\"elementor-element elementor-element-74dd5920 elementor-widget elementor-widget-heading\" data-id=\"74dd5920\" data-element_type=\"widget\" data-widget_type=\"heading.default\">\n\t\t\t\t<div class=\"elementor-widget-container\">\n\t\t\t<h1 class=\"elementor-heading-title elementor-size-default\">Event z Shamrock Yachts<\/h1>\t\t<\/div>\n\t\t\t\t<\/div>\n\t\t\t\t<\/div>\n\t\t<div class=\"elementor-element elementor-element-d83afa5 e-flex e-con-boxed e-con e-parent\" data-id=\"d83afa5\" data-element_type=\"container\">\n\t\t\t\t\t<div class=\"e-con-inner\">\n\t\t\t\t<div class=\"elementor-element elementor-element-75b3f55 elementor-widget elementor-widget-heading\" data-id=\"75b3f55\" data-element_type=\"widget\" data-widget_type=\"heading.default\">\n\t\t\t\t<div class=\"elementor-widget-container\">\n\t\t\t<h2 class=\"elementor-heading-title elementor-size-default\">Nie macie pomys\u0142u na integracj\u0119?<\/h2>\t\t<\/div>\n\t\t\t\t<\/div>\n\t\t\t\t<div class=\"elementor-element elementor-element-17af7936 elementor-widget elementor-widget-text-editor\" data-id=\"17af7936\" data-element_type=\"widget\" data-widget_type=\"text-editor.default\">\n\t\t\t\t<div class=\"elementor-widget-container\">\n\t\t\t\t\t\t\t<p>Macie do\u015b\u0107 siedzenia w nudnym hotelu przy muzyce DJ? Mamy dla Was co\u015b wyj\u0105tkowego. Co\u015b co Wasz Zesp\u00f3\u0142 zapami\u0119ta na d\u0142ugie lata. Do wyboru a\u017c 10 r\u00f3\u017cnych rejs\u00f3w tematycznych na wspania\u0142\u0105 integracj\u0119 i &#8222;team building&#8221;.<\/p>\t\t\t\t\t\t<\/div>\n\t\t\t\t<\/div>\n\t\t\t\t\t<\/div>\n\t\t\t\t<\/div>\n\t\t<div class=\"elementor-element elementor-element-2fbbb70b e-con-full e-flex elementor-invisible e-con e-parent\" data-id=\"2fbbb70b\" data-element_type=\"container\" data-settings=\"{&quot;background_background&quot;:&quot;classic&quot;,&quot;animation&quot;:&quot;fadeInUp&quot;}\">\n\t\t\t\t<div class=\"elementor-element elementor-element-5671ee2f elementor-widget elementor-widget-heading\" data-id=\"5671ee2f\" data-element_type=\"widget\" data-widget_type=\"heading.default\">\n\t\t\t\t<div class=\"elementor-widget-container\">\n\t\t\t<h2 class=\"elementor-heading-title elementor-size-default\">Rejs integracyjny dla doros\u0142ych to doskona\u0142a okazja do wsp\u00f3lnego sp\u0119dzenia czasu, zacie\u015bniania relacji i budowania zespo\u0142u.<\/h2>\t\t<\/div>\n\t\t\t\t<\/div>\n\t\t\t\t<\/div>\n\t\t<div class=\"elementor-element elementor-element-50fa3447 e-flex e-con-boxed e-con e-parent\" data-id=\"50fa3447\" data-element_type=\"container\">\n\t\t\t\t\t<div class=\"e-con-inner\">\n\t\t<div class=\"elementor-element elementor-element-8f9e752 e-con-full e-flex elementor-invisible e-con e-child\" data-id=\"8f9e752\" data-element_type=\"container\" data-settings=\"{&quot;animation&quot;:&quot;fadeInUp&quot;}\">\n\t\t\t\t<div class=\"elementor-element elementor-element-5fc6c98b elementor-widget elementor-widget-image\" data-id=\"5fc6c98b\" data-element_type=\"widget\" data-widget_type=\"image.default\">\n\t\t\t\t<div class=\"elementor-widget-container\">\n\t\t\t\t\t\t\t\t\t\t\t\t\t<img fetchpriority=\"high\" decoding=\"async\" width=\"691\" height=\"692\" src=\"https:\/\/shamrock-yachts.pl\/wp-content\/uploads\/2023\/12\/sail.png\" class=\"attachment-full size-full wp-image-737\" alt=\"\" srcset=\"https:\/\/shamrock-yachts.pl\/wp-content\/uploads\/2023\/12\/sail.png 691w, https:\/\/shamrock-yachts.pl\/wp-content\/uploads\/2023\/12\/sail-100x100.png 100w, https:\/\/shamrock-yachts.pl\/wp-content\/uploads\/2023\/12\/sail-600x601.png 600w, https:\/\/shamrock-yachts.pl\/wp-content\/uploads\/2023\/12\/sail-300x300.png 300w, https:\/\/shamrock-yachts.pl\/wp-content\/uploads\/2023\/12\/sail-150x150.png 150w\" sizes=\"(max-width: 691px) 100vw, 691px\" \/>\t\t\t\t\t\t\t\t\t\t\t\t\t<\/div>\n\t\t\t\t<\/div>\n\t\t\t\t<\/div>\n\t\t<div class=\"elementor-element elementor-element-b9d7fde e-con-full e-flex elementor-invisible e-con e-child\" data-id=\"b9d7fde\" data-element_type=\"container\" data-settings=\"{&quot;animation&quot;:&quot;fadeInUp&quot;,&quot;animation_delay&quot;:100}\">\n\t\t\t\t<div class=\"elementor-element elementor-element-f107efa elementor-widget elementor-widget-text-editor\" data-id=\"f107efa\" data-element_type=\"widget\" data-widget_type=\"text-editor.default\">\n\t\t\t\t<div class=\"elementor-widget-container\">\n\t\t\t\t\t\t\t<p>Atrakcje na takim rejsie mog\u0105 by\u0107 r\u00f3\u017cnorodne i dostosowane do zainteresowa\u0144 uczestnik\u00f3w, zostaw nam kontakt do siebie a przedstawimy mo\u017cliwe opcje i kompleksow\u0105 ofert\u0119.<\/p><p><br \/>Ka\u017cdy rejs wyceniamy indywidualnie ceny w zale\u017cno\u015bci od ilo\u015bci us\u0142ug i atrakcji zaczynaj\u0105 si\u0119 <strong>od 999 pln\/osoba tydzie\u0144.<\/strong><br \/>Aby jak najlepiej zrozumie\u0107 Wasze potrzeby proponujemy rozmow\u0119 wideo lub telefoniczn\u0105 przed z\u0142o\u017ceniem oferty.<br \/>Nie wa\u017cne jak du\u017cy jest Tw\u00f3j zesp\u00f3\u0142 trzy, dziesi\u0119\u0107 czy kilkadziesi\u0105t os\u00f3b- zorganizujemy go!<\/p>\t\t\t\t\t\t<\/div>\n\t\t\t\t<\/div>\n\t\t\t\t<\/div>\n\t\t\t\t\t<\/div>\n\t\t\t\t<\/div>\n\t\t<div class=\"elementor-element elementor-element-62335af3 e-con-full e-flex elementor-invisible e-con e-parent\" data-id=\"62335af3\" data-element_type=\"container\" data-settings=\"{&quot;animation&quot;:&quot;fadeInUp&quot;}\">\n\t\t\t\t<div class=\"elementor-element elementor-element-1c472768 elementor-widget elementor-widget-image\" data-id=\"1c472768\" data-element_type=\"widget\" data-widget_type=\"image.default\">\n\t\t\t\t<div class=\"elementor-widget-container\">\n\t\t\t\t\t\t\t\t\t\t\t\t\t<img decoding=\"async\" width=\"2000\" height=\"932\" src=\"https:\/\/shamrock-yachts.pl\/wp-content\/uploads\/2023\/12\/ujecie-z-gory-zaglowki.jpg\" class=\"attachment-full size-full wp-image-479\" alt=\"\" srcset=\"https:\/\/shamrock-yachts.pl\/wp-content\/uploads\/2023\/12\/ujecie-z-gory-zaglowki.jpg 2000w, https:\/\/shamrock-yachts.pl\/wp-content\/uploads\/2023\/12\/ujecie-z-gory-zaglowki-600x280.jpg 600w, https:\/\/shamrock-yachts.pl\/wp-content\/uploads\/2023\/12\/ujecie-z-gory-zaglowki-300x140.jpg 300w, https:\/\/shamrock-yachts.pl\/wp-content\/uploads\/2023\/12\/ujecie-z-gory-zaglowki-1024x477.jpg 1024w, https:\/\/shamrock-yachts.pl\/wp-content\/uploads\/2023\/12\/ujecie-z-gory-zaglowki-768x358.jpg 768w, https:\/\/shamrock-yachts.pl\/wp-content\/uploads\/2023\/12\/ujecie-z-gory-zaglowki-1536x716.jpg 1536w\" sizes=\"(max-width: 2000px) 100vw, 2000px\" \/>\t\t\t\t\t\t\t\t\t\t\t\t\t<\/div>\n\t\t\t\t<\/div>\n\t\t\t\t<\/div>\n\t\t<div class=\"elementor-element elementor-element-1f707981 e-flex e-con-boxed elementor-invisible e-con e-parent\" data-id=\"1f707981\" data-element_type=\"container\" data-settings=\"{&quot;animation&quot;:&quot;fadeInUp&quot;}\">\n\t\t\t\t\t<div class=\"e-con-inner\">\n\t\t\t\t<div class=\"elementor-element elementor-element-330c4d53 elementor-widget elementor-widget-heading\" data-id=\"330c4d53\" data-element_type=\"widget\" data-widget_type=\"heading.default\">\n\t\t\t\t<div class=\"elementor-widget-container\">\n\t\t\t<h2 class=\"elementor-heading-title elementor-size-default\">Oto nasze pomys\u0142y na atrakcje rejsu integracyjnego dla doros\u0142ych: <\/h2>\t\t<\/div>\n\t\t\t\t<\/div>\n\t\t\t\t<div class=\"elementor-element elementor-element-661e964c elementor-widget elementor-widget-text-editor\" data-id=\"661e964c\" data-element_type=\"widget\" data-widget_type=\"text-editor.default\">\n\t\t\t\t<div class=\"elementor-widget-container\">\n\t\t\t\t\t\t\t<ol><li>Zawody i Gry Zespo\u0142owe, kt\u00f3re wymagaj\u0105 wsp\u00f3\u0142pracy i komunikacji. Mo\u017cecie wybra\u0107 regaty, turnieje w r\u00f3\u017cnych dyscyplinach sportowych wodnych, czy te\u017c quizy tematyczne.<\/li><li>Impreza Tematyczna na pok\u0142adzie. Temat mo\u017ce by\u0107 zwi\u0105zany z miejscem, do kt\u00f3rego p\u0142yniemy, lub by\u0107 zupe\u0142nie abstrakcyjny. Od stroj\u00f3w, po dekoracje i muzyk\u0119 \u2013 wszystko mo\u017ce by\u0107 dopasowane do tematu.<\/li><li>Wycieczki i Zwiedzanie l\u0105dowe ciekawych miejsc. Zwiedzanie historycznych miejsc, degustacja lokalnych przysmak\u00f3w czy spacer po malowniczych okolicach.<\/li><li>Relaks i Rozrywka na pok\u0142adzie, gdzie uczestnicy b\u0119d\u0105 mogli odpocz\u0105\u0107, porozmawia\u0107 czy poczyta\u0107. Wieczorne seanse filmowe, gry planszowe czy karaoke pozwol\u0105 na oderwanie od codziennych wyzwa\u0144.<\/li><li>Spotkania Integracyjne podczas kt\u00f3rych uczestnicy mog\u0105 dzieli\u0107 si\u0119 swoimi do\u015bwiadczeniami, celami czy pomys\u0142ami zar\u00f3wno z \u017cycia zawodowego jak i osobistego. To doskona\u0142a okazja do lepszego zrozumienia siebie nawzajem.<\/li><li>Zarz\u0105dzanie zespo\u0142em na jachcie doskonale pokazuje cechy przyw\u00f3dcze jak delegowanie zada\u0144 czy radzenie sobie w trudnych sytuacjach. To niesamowita okazja poznania swoich mocnych i s\u0142abych stron w nowym \u015brodowisku.<\/li><li>Zaj\u0119cia Sportowe na Pok\u0142adzie jak jogging poranny, zaj\u0119cia fitness czy inne aktywno\u015bci og\u00f3lnorozwojowe. To doskona\u0142y spos\u00f3b na wsp\u00f3ln\u0105 aktywno\u015b\u0107 fizyczn\u0105.<\/li><li>Impreza Muzyczna z udzia\u0142em lokalnych artyst\u00f3w lub zespo\u0142u muzycznego. Muzyka doskonale integruje i tworzy pozytywn\u0105 atmosfer\u0119. Oczywi\u015bcie jak muzyka na Mazurach to g\u0142\u00f3wnie szanty.<\/li><li>Warsztaty Kulinarno-Degustacyjne z gotowania lub degustacji potraw z udzia\u0142em lokalnych specja\u0142\u00f3w. To \u015bwietny spos\u00f3b na integracj\u0119 poprzez wsp\u00f3lne gotowanie i pr\u00f3bowanie nowych smak\u00f3w.<\/li><li>Wiecz\u00f3r Talent\u00f3w. Uczestnicy pokazuj\u0105 swoje talenty w ramach wieczoru talent\u00f3w na pok\u0142adzie. To \u015bwietna okazja do \u015bmiechu, relaksu i lepszego poznania si\u0119 nawzajem.<\/li><\/ol>\t\t\t\t\t\t<\/div>\n\t\t\t\t<\/div>\n\t\t\t\t\t<\/div>\n\t\t\t\t<\/div>\n\t\t<div class=\"elementor-element elementor-element-60fe13bc e-flex e-con-boxed elementor-invisible e-con e-parent\" data-id=\"60fe13bc\" data-element_type=\"container\" data-settings=\"{&quot;animation&quot;:&quot;fadeInUp&quot;}\">\n\t\t\t\t\t<div class=\"e-con-inner\">\n\t\t\t\t<div class=\"elementor-element elementor-element-71d560a5 elementor-widget elementor-widget-heading\" data-id=\"71d560a5\" data-element_type=\"widget\" data-widget_type=\"heading.default\">\n\t\t\t\t<div class=\"elementor-widget-container\">\n\t\t\t<h2 class=\"elementor-heading-title elementor-size-default\">Zapisy i pytania:<\/h2>\t\t<\/div>\n\t\t\t\t<\/div>\n\t\t\t\t<div class=\"elementor-element elementor-element-612acd04 elementor-widget elementor-widget-text-editor\" data-id=\"612acd04\" data-element_type=\"widget\" data-widget_type=\"text-editor.default\">\n\t\t\t\t<div class=\"elementor-widget-container\">\n\t\t\t\t\t\t\t<p><strong><span style=\"color: #061138;\">E-mail:<\/span> <span style=\"color: #e7b45f;\">shamrockyachts@gmail.com<\/span><\/strong><\/p><p><strong><span style=\"color: #061138;\">Tel:<\/span> <span style=\"color: #e7b45f;\">510 513 3 10<\/span><\/strong><\/p>\t\t\t\t\t\t<\/div>\n\t\t\t\t<\/div>\n\t\t\t\t\t<\/div>\n\t\t\t\t<\/div>\n\t\t<div class=\"elementor-element elementor-element-55949f12 e-flex e-con-boxed e-con e-parent\" data-id=\"55949f12\" data-element_type=\"container\">\n\t\t\t\t\t<div class=\"e-con-inner\">\n\t\t\t\t<div class=\"elementor-element elementor-element-583ed72f elementor-widget elementor-widget-heading\" data-id=\"583ed72f\" data-element_type=\"widget\" data-widget_type=\"heading.default\">\n\t\t\t\t<div class=\"elementor-widget-container\">\n\t\t\t<h2 class=\"elementor-heading-title elementor-size-default\">Formularz kontaktowy:<\/h2>\t\t<\/div>\n\t\t\t\t<\/div>\n\t\t\t\t<div class=\"elementor-element elementor-element-14243900 elementor-widget elementor-widget-shortcode\" data-id=\"14243900\" data-element_type=\"widget\" data-widget_type=\"shortcode.default\">\n\t\t\t\t<div class=\"elementor-widget-container\">\n\t\t\t\t\t<div class=\"elementor-shortcode\">\n<div class=\"wpcf7 no-js\" id=\"wpcf7-f160-o1\" lang=\"pl-PL\" dir=\"ltr\">\n<div class=\"screen-reader-response\"><p role=\"status\" aria-live=\"polite\" aria-atomic=\"true\"><\/p> <ul><\/ul><\/div>\n<form action=\"\/index.php?rest_route=%2Fwp%2Fv2%2Fpages%2F7#wpcf7-f160-o1\" method=\"post\" class=\"wpcf7-form init\" aria-label=\"Formularz kontaktowy\" novalidate=\"novalidate\" data-status=\"init\">\n<div style=\"display: none;\">\n<input type=\"hidden\" name=\"_wpcf7\" value=\"160\" \/>\n<input type=\"hidden\" name=\"_wpcf7_version\" value=\"5.9.8\" \/>\n<input type=\"hidden\" name=\"_wpcf7_locale\" value=\"pl_PL\" \/>\n<input type=\"hidden\" name=\"_wpcf7_unit_tag\" value=\"wpcf7-f160-o1\" \/>\n<input type=\"hidden\" name=\"_wpcf7_container_post\" value=\"0\" \/>\n<input type=\"hidden\" name=\"_wpcf7_posted_data_hash\" value=\"\" \/>\n<\/div>\n<div class=\"row\">\n\t<div class=\"col-lg-6\">\n\t\t<p><span class=\"wpcf7-form-control-wrap\" data-name=\"your-name\"><input size=\"40\" maxlength=\"400\" class=\"wpcf7-form-control wpcf7-text wpcf7-validates-as-required\" aria-required=\"true\" aria-invalid=\"false\" placeholder=\"Twoje imi\u0119...\" value=\"\" type=\"text\" name=\"your-name\" \/><\/span>\n\t\t<\/p>\n\t<\/div>\n\t<div class=\"col-lg-6\">\n\t\t<p><span class=\"wpcf7-form-control-wrap\" data-name=\"text-637\"><input size=\"40\" maxlength=\"400\" class=\"wpcf7-form-control wpcf7-text wpcf7-validates-as-required\" aria-required=\"true\" aria-invalid=\"false\" placeholder=\"Twoje nazwisko...\" value=\"\" type=\"text\" name=\"text-637\" \/><\/span>\n\t\t<\/p>\n\t<\/div>\n\t<div class=\"col-lg-6\">\n\t\t<p><span class=\"wpcf7-form-control-wrap\" data-name=\"your-email\"><input size=\"40\" maxlength=\"400\" class=\"wpcf7-form-control wpcf7-email wpcf7-validates-as-required wpcf7-text wpcf7-validates-as-email\" aria-required=\"true\" aria-invalid=\"false\" placeholder=\"Adres e-mail...\" value=\"\" type=\"email\" name=\"your-email\" \/><\/span>\n\t\t<\/p>\n\t<\/div>\n\t<div class=\"col-lg-6\">\n\t\t<p><span class=\"wpcf7-form-control-wrap\" data-name=\"tel-827\"><input size=\"40\" maxlength=\"9\" minlength=\"9\" class=\"wpcf7-form-control wpcf7-tel wpcf7-validates-as-required wpcf7-text wpcf7-validates-as-tel\" aria-required=\"true\" aria-invalid=\"false\" placeholder=\"Numer telefonu...\" value=\"\" type=\"tel\" name=\"tel-827\" \/><\/span>\n\t\t<\/p>\n\t<\/div>\n\t<div class=\"col-lg-12\">\n\t\t<p><span class=\"wpcf7-form-control-wrap\" data-name=\"your-message\"><textarea cols=\"40\" rows=\"10\" maxlength=\"2000\" class=\"wpcf7-form-control wpcf7-textarea wpcf7-validates-as-required\" aria-required=\"true\" aria-invalid=\"false\" placeholder=\"Tre\u015b\u0107 wiadomo\u015bci...\" name=\"your-message\"><\/textarea><\/span><br \/>\n<input class=\"wpcf7-form-control wpcf7-submit has-spinner button\" type=\"submit\" value=\"Wy\u015blij wiadomo\u015b\u0107\" \/>\n\t\t<\/p>\n\t<\/div>\n<\/div><div class=\"wpcf7-response-output\" aria-hidden=\"true\"><\/div>\n<\/form>\n<\/div>\n<\/div>\n\t\t\t\t<\/div>\n\t\t\t\t<\/div>\n\t\t\t\t\t<\/div>\n\t\t\t\t<\/div>\n\t\t\t\t<\/div>\n\t\t","protected":false},"excerpt":{"rendered":"<p>Event z Shamrock Yachts Nie macie pomys\u0142u na integracj\u0119? Macie do\u015b\u0107 siedzenia w nudnym hotelu przy muzyce DJ? Mamy dla Was co\u015b wyj\u0105tkowego. Co\u015b co Wasz Zesp\u00f3\u0142 zapami\u0119ta na d\u0142ugie lata. Do wyboru a\u017c 10 r\u00f3\u017cnych rejs\u00f3w tematycznych na wspania\u0142\u0105 integracj\u0119 i &#8222;team building&#8221;. Rejs integracyjny dla doros\u0142ych to doskona\u0142a okazja do wsp\u00f3lnego sp\u0119dzenia czasu, [&hellip;]<\/p>\n","protected":false},"author":1,"featured_media":0,"parent":0,"menu_order":0,"comment_status":"closed","ping_status":"closed","template":"","meta":{"footnotes":""},"class_list":["post-7","page","type-page","status-publish","hentry"],"_links":{"self":[{"href":"https:\/\/shamrock-yachts.pl\/index.php?rest_route=\/wp\/v2\/pages\/7"}],"collection":[{"href":"https:\/\/shamrock-yachts.pl\/index.php?rest_route=\/wp\/v2\/pages"}],"about":[{"href":"https:\/\/shamrock-yachts.pl\/index.php?rest_route=\/wp\/v2\/types\/page"}],"author":[{"embeddable":true,"href":"https:\/\/shamrock-yachts.pl\/index.php?rest_route=\/wp\/v2\/users\/1"}],"replies":[{"embeddable":true,"href":"https:\/\/shamrock-yachts.pl\/index.php?rest_route=%2Fwp%2Fv2%2Fcomments&post=7"}],"version-history":[{"count":4,"href":"https:\/\/shamrock-yachts.pl\/index.php?rest_route=\/wp\/v2\/pages\/7\/revisions"}],"predecessor-version":[{"id":740,"href":"https:\/\/shamrock-yachts.pl\/index.php?rest_route=\/wp\/v2\/pages\/7\/revisions\/740"}],"wp:attachment":[{"href":"https:\/\/shamrock-yachts.pl\/index.php?rest_route=%2Fwp%2Fv2%2Fmedia&parent=7"}],"curies":[{"name":"wp","href":"https:\/\/api.w.org\/{rel}","templated":true}]}}