

{"id":743,"date":"2023-12-20T09:24:26","date_gmt":"2023-12-20T09:24:26","guid":{"rendered":"https:\/\/shamrock-yachts.pl\/?page_id=743"},"modified":"2023-12-22T09:27:21","modified_gmt":"2023-12-22T09:27:21","slug":"impreza-tematyczna","status":"publish","type":"page","link":"https:\/\/shamrock-yachts.pl\/?page_id=743","title":{"rendered":"Impreza tematyczna"},"content":{"rendered":"\t\t<div data-elementor-type=\"wp-page\" data-elementor-id=\"743\" class=\"elementor elementor-743\" data-elementor-post-type=\"page\">\n\t\t\t\t<div class=\"elementor-element elementor-element-14d990c6 e-con-full e-flex e-con e-parent\" data-id=\"14d990c6\" data-element_type=\"container\" data-settings=\"{&quot;background_background&quot;:&quot;classic&quot;}\">\n\t\t\t\t<div class=\"elementor-element elementor-element-346ff103 elementor-widget elementor-widget-heading\" data-id=\"346ff103\" data-element_type=\"widget\" data-widget_type=\"heading.default\">\n\t\t\t\t<div class=\"elementor-widget-container\">\n\t\t\t<h1 class=\"elementor-heading-title elementor-size-default\">Impreza Tematyczna<\/h1>\t\t<\/div>\n\t\t\t\t<\/div>\n\t\t\t\t<\/div>\n\t\t<div class=\"elementor-element elementor-element-64c86db0 e-flex e-con-boxed elementor-invisible e-con e-parent\" data-id=\"64c86db0\" data-element_type=\"container\" data-settings=\"{&quot;background_background&quot;:&quot;classic&quot;,&quot;animation&quot;:&quot;fadeInUp&quot;}\">\n\t\t\t\t\t<div class=\"e-con-inner\">\n\t\t\t\t<div class=\"elementor-element elementor-element-7e681c32 elementor-widget elementor-widget-heading\" data-id=\"7e681c32\" data-element_type=\"widget\" data-widget_type=\"heading.default\">\n\t\t\t\t<div class=\"elementor-widget-container\">\n\t\t\t<h2 class=\"elementor-heading-title elementor-size-default\">Impreza Tematyczna na pok\u0142adzie. Temat mo\u017ce by\u0107 zwi\u0105zany z miejscem, do kt\u00f3rego p\u0142yniemy, lub by\u0107 zupe\u0142nie abstrakcyjny. Od stroj\u00f3w, po dekoracje i muzyk\u0119 \u2013 wszystko mo\u017ce by\u0107 dopasowane do tematu. Taki event stworzy atmosfer\u0119 zabawy, relaksu i integracji na pok\u0142adzie jachtu, a jednocze\u015bnie umo\u017cliwi uczestnikom prze\u017cycie wyj\u0105tkowego, unikalnego i niezapomnianego wyjazdu.<\/h2>\t\t<\/div>\n\t\t\t\t<\/div>\n\t\t\t\t\t<\/div>\n\t\t\t\t<\/div>\n\t\t<div class=\"elementor-element elementor-element-50e32d27 e-flex e-con-boxed e-con e-parent\" data-id=\"50e32d27\" data-element_type=\"container\">\n\t\t\t\t\t<div class=\"e-con-inner\">\n\t\t<div class=\"elementor-element elementor-element-bdb1427 e-con-full e-flex elementor-invisible e-con e-child\" data-id=\"bdb1427\" data-element_type=\"container\" data-settings=\"{&quot;animation&quot;:&quot;fadeInUp&quot;}\">\n\t\t\t\t<div class=\"elementor-element elementor-element-592de3fd elementor-widget elementor-widget-heading\" data-id=\"592de3fd\" data-element_type=\"widget\" data-widget_type=\"heading.default\">\n\t\t\t\t<div class=\"elementor-widget-container\">\n\t\t\t<h2 class=\"elementor-heading-title elementor-size-default\">Impreza Tematyczna \"Egzotyczna Wyspa\":<\/h2>\t\t<\/div>\n\t\t\t\t<\/div>\n\t\t\t\t<div class=\"elementor-element elementor-element-72777127 elementor-widget elementor-widget-text-editor\" data-id=\"72777127\" data-element_type=\"widget\" data-widget_type=\"text-editor.default\">\n\t\t\t\t<div class=\"elementor-widget-container\">\n\t\t\t\t\t\t\t<ol><li><strong>Koktajle, Bufet i Dekoracje Wyspiarskie:<\/strong><br \/>Udekorujcie pok\u0142ad jachtu tropikalnymi kwiatami, palmami, muszlami i latarniami morskimi, aby stworzy\u0107 atmosfer\u0119 egzotycznej wyspy.<br \/>Serwowanie kolorowych koktajli w muszlach morskich lub kieliszkach w kszta\u0142cie kokos\u00f3w. Ca\u0142o\u015b\u0107 uzupe\u0142ni\u0105 owoce tropikalne i parasole do dekoracji.<br \/>Przek\u0105ski charakterystyczne dla kuchni wyspiarskiej, takie jak owoce morza, sa\u0142atki tropikalne, czy dania z ryb.<\/li><li><strong>Konkurs na Najlepszy Taniec Hula z Muzyk\u0105 Hawajsk\u0105:<\/strong><br \/>Konkurs taneczny, w kt\u00f3rym uczestnicy mog\u0105 pokaza\u0107 swoje umiej\u0119tno\u015bci ta\u0144ca hula na pok\u0142adzie.<br \/>Playlista z muzyk\u0105 hawajsk\u0105 lub tropikaln\u0105, aby podkre\u015bli\u0107 egzotyczny klimat imprezy.<\/li><\/ol>\t\t\t\t\t\t<\/div>\n\t\t\t\t<\/div>\n\t\t\t\t<\/div>\n\t\t<div class=\"elementor-element elementor-element-147974d0 e-con-full e-flex elementor-invisible e-con e-child\" data-id=\"147974d0\" data-element_type=\"container\" data-settings=\"{&quot;animation&quot;:&quot;fadeInUp&quot;,&quot;animation_delay&quot;:100}\">\n\t\t\t\t<div class=\"elementor-element elementor-element-5e752a67 elementor-widget elementor-widget-image\" data-id=\"5e752a67\" data-element_type=\"widget\" data-widget_type=\"image.default\">\n\t\t\t\t<div class=\"elementor-widget-container\">\n\t\t\t\t\t\t\t\t\t\t\t\t\t<img fetchpriority=\"high\" decoding=\"async\" width=\"640\" height=\"723\" src=\"https:\/\/shamrock-yachts.pl\/wp-content\/uploads\/2023\/12\/coctail.jpg\" class=\"attachment-full size-full wp-image-847\" alt=\"\" srcset=\"https:\/\/shamrock-yachts.pl\/wp-content\/uploads\/2023\/12\/coctail.jpg 640w, https:\/\/shamrock-yachts.pl\/wp-content\/uploads\/2023\/12\/coctail-600x678.jpg 600w, https:\/\/shamrock-yachts.pl\/wp-content\/uploads\/2023\/12\/coctail-266x300.jpg 266w\" sizes=\"(max-width: 640px) 100vw, 640px\" \/>\t\t\t\t\t\t\t\t\t\t\t\t\t<\/div>\n\t\t\t\t<\/div>\n\t\t\t\t<\/div>\n\t\t\t\t\t<\/div>\n\t\t\t\t<\/div>\n\t\t<div class=\"elementor-element elementor-element-74fa80a4 e-con-full e-flex elementor-invisible e-con e-parent\" data-id=\"74fa80a4\" data-element_type=\"container\" data-settings=\"{&quot;animation&quot;:&quot;fadeInUp&quot;}\">\n\t\t\t\t<div class=\"elementor-element elementor-element-2135b9e elementor-widget elementor-widget-image\" data-id=\"2135b9e\" data-element_type=\"widget\" data-widget_type=\"image.default\">\n\t\t\t\t<div class=\"elementor-widget-container\">\n\t\t\t\t\t\t\t\t\t\t\t\t\t<img decoding=\"async\" width=\"2000\" height=\"932\" src=\"https:\/\/shamrock-yachts.pl\/wp-content\/uploads\/2023\/12\/ujecie-z-gory-zaglowki.jpg\" class=\"attachment-full size-full wp-image-479\" alt=\"\" srcset=\"https:\/\/shamrock-yachts.pl\/wp-content\/uploads\/2023\/12\/ujecie-z-gory-zaglowki.jpg 2000w, https:\/\/shamrock-yachts.pl\/wp-content\/uploads\/2023\/12\/ujecie-z-gory-zaglowki-600x280.jpg 600w, https:\/\/shamrock-yachts.pl\/wp-content\/uploads\/2023\/12\/ujecie-z-gory-zaglowki-300x140.jpg 300w, https:\/\/shamrock-yachts.pl\/wp-content\/uploads\/2023\/12\/ujecie-z-gory-zaglowki-1024x477.jpg 1024w, https:\/\/shamrock-yachts.pl\/wp-content\/uploads\/2023\/12\/ujecie-z-gory-zaglowki-768x358.jpg 768w, https:\/\/shamrock-yachts.pl\/wp-content\/uploads\/2023\/12\/ujecie-z-gory-zaglowki-1536x716.jpg 1536w\" sizes=\"(max-width: 2000px) 100vw, 2000px\" \/>\t\t\t\t\t\t\t\t\t\t\t\t\t<\/div>\n\t\t\t\t<\/div>\n\t\t\t\t<\/div>\n\t\t<div class=\"elementor-element elementor-element-ae74aec e-flex e-con-boxed e-con e-parent\" data-id=\"ae74aec\" data-element_type=\"container\">\n\t\t\t\t\t<div class=\"e-con-inner\">\n\t\t<div class=\"elementor-element elementor-element-652918a2 e-con-full e-flex elementor-invisible e-con e-child\" data-id=\"652918a2\" data-element_type=\"container\" data-settings=\"{&quot;animation&quot;:&quot;fadeInUp&quot;}\">\n\t\t\t\t<div class=\"elementor-element elementor-element-3ad2ef35 elementor-widget elementor-widget-image\" data-id=\"3ad2ef35\" data-element_type=\"widget\" data-widget_type=\"image.default\">\n\t\t\t\t<div class=\"elementor-widget-container\">\n\t\t\t\t\t\t\t\t\t\t\t\t\t<img decoding=\"async\" width=\"800\" height=\"747\" src=\"https:\/\/shamrock-yachts.pl\/wp-content\/uploads\/2023\/12\/pirate.jpg\" class=\"attachment-full size-full wp-image-848\" alt=\"\" srcset=\"https:\/\/shamrock-yachts.pl\/wp-content\/uploads\/2023\/12\/pirate.jpg 800w, https:\/\/shamrock-yachts.pl\/wp-content\/uploads\/2023\/12\/pirate-600x560.jpg 600w, https:\/\/shamrock-yachts.pl\/wp-content\/uploads\/2023\/12\/pirate-300x280.jpg 300w, https:\/\/shamrock-yachts.pl\/wp-content\/uploads\/2023\/12\/pirate-768x717.jpg 768w\" sizes=\"(max-width: 800px) 100vw, 800px\" \/>\t\t\t\t\t\t\t\t\t\t\t\t\t<\/div>\n\t\t\t\t<\/div>\n\t\t\t\t<\/div>\n\t\t<div class=\"elementor-element elementor-element-7c5b2b91 e-con-full e-flex elementor-invisible e-con e-child\" data-id=\"7c5b2b91\" data-element_type=\"container\" data-settings=\"{&quot;animation&quot;:&quot;fadeInUp&quot;,&quot;animation_delay&quot;:100}\">\n\t\t\t\t<div class=\"elementor-element elementor-element-70779420 elementor-widget elementor-widget-heading\" data-id=\"70779420\" data-element_type=\"widget\" data-widget_type=\"heading.default\">\n\t\t\t\t<div class=\"elementor-widget-container\">\n\t\t\t<h2 class=\"elementor-heading-title elementor-size-default\">Impreza Piracka:<\/h2>\t\t<\/div>\n\t\t\t\t<\/div>\n\t\t\t\t<div class=\"elementor-element elementor-element-3adb1bb elementor-widget elementor-widget-text-editor\" data-id=\"3adb1bb\" data-element_type=\"widget\" data-widget_type=\"text-editor.default\">\n\t\t\t\t<div class=\"elementor-widget-container\">\n\t\t\t\t\t\t\t<ol><li><strong>\u00a0Stroje Pirackie:<\/strong><br \/>Uczestnik\u00f3w przebieraj\u0105 si\u0119 w kostiumy pirackie, z hakiem i sztucznymi skarbami.<br \/>Elementy ozdobne jak czarne flagi, skrzynie z &#8222;skarbami&#8221; i \u015bwiece na pok\u0142adzie<\/li><li><strong>Poszukiwanie Skarbu:<\/strong><br \/>Organizacja gry, w kt\u00f3rej uczestnicy b\u0119d\u0105 poszukiwa\u0107 ukrytego skarbu na pok\u0142adzie lub l\u0105dzie<br \/>Uczestnicy przebieraj\u0105 si\u0119 w stroje zwi\u0105zane z \u017cyciem na jachcie, takie jak marynarskie mundury, kapelusze kapita\u0144skie czy kolorowe chusty.<\/li><\/ol>\t\t\t\t\t\t<\/div>\n\t\t\t\t<\/div>\n\t\t\t\t<\/div>\n\t\t\t\t\t<\/div>\n\t\t\t\t<\/div>\n\t\t<div class=\"elementor-element elementor-element-5038cb8d e-flex e-con-boxed e-con e-parent\" data-id=\"5038cb8d\" data-element_type=\"container\" data-settings=\"{&quot;background_background&quot;:&quot;classic&quot;}\">\n\t\t\t\t\t<div class=\"e-con-inner\">\n\t\t<div class=\"elementor-element elementor-element-7e9eebd4 e-con-full e-flex elementor-invisible e-con e-child\" data-id=\"7e9eebd4\" data-element_type=\"container\" data-settings=\"{&quot;animation&quot;:&quot;fadeInUp&quot;}\">\n\t\t\t\t<div class=\"elementor-element elementor-element-3788ec64 elementor-widget elementor-widget-heading\" data-id=\"3788ec64\" data-element_type=\"widget\" data-widget_type=\"heading.default\">\n\t\t\t\t<div class=\"elementor-widget-container\">\n\t\t\t<h2 class=\"elementor-heading-title elementor-size-default\">Impreza Retro na Mazurach:<\/h2>\t\t<\/div>\n\t\t\t\t<\/div>\n\t\t\t\t<div class=\"elementor-element elementor-element-4d6a4a68 elementor-widget elementor-widget-text-editor\" data-id=\"4d6a4a68\" data-element_type=\"widget\" data-widget_type=\"text-editor.default\">\n\t\t\t\t<div class=\"elementor-widget-container\">\n\t\t\t\t\t\t\t<p><strong>Stroje Retro, Dekoracje Vintage i konkurs:<\/strong><\/p><ul><li>Uczestnicy ubieraj\u0105 si\u0119 w stylu retro, na przyk\u0142ad w modzie lat 60. lub 70.<\/li><li>Na jachcie elementy z epoki, takimi jak kolorowe parasole, lampki i kwiaty.<\/li><li>W tle konkurs ta\u0144ca, w kt\u00f3rym uczestnicy b\u0119d\u0105 prezentowa\u0107 ruchy z dawnych lat.<\/li><\/ul>\t\t\t\t\t\t<\/div>\n\t\t\t\t<\/div>\n\t\t\t\t<\/div>\n\t\t<div class=\"elementor-element elementor-element-475bac5 e-con-full e-flex elementor-invisible e-con e-child\" data-id=\"475bac5\" data-element_type=\"container\" data-settings=\"{&quot;animation&quot;:&quot;fadeInUp&quot;,&quot;animation_delay&quot;:100}\">\n\t\t\t\t<div class=\"elementor-element elementor-element-1e9fdfe8 elementor-widget elementor-widget-image\" data-id=\"1e9fdfe8\" data-element_type=\"widget\" data-widget_type=\"image.default\">\n\t\t\t\t<div class=\"elementor-widget-container\">\n\t\t\t\t\t\t\t\t\t\t\t\t\t<img loading=\"lazy\" decoding=\"async\" width=\"800\" height=\"761\" src=\"https:\/\/shamrock-yachts.pl\/wp-content\/uploads\/2023\/12\/retro.jpg\" class=\"attachment-full size-full wp-image-849\" alt=\"\" srcset=\"https:\/\/shamrock-yachts.pl\/wp-content\/uploads\/2023\/12\/retro.jpg 800w, https:\/\/shamrock-yachts.pl\/wp-content\/uploads\/2023\/12\/retro-600x571.jpg 600w, https:\/\/shamrock-yachts.pl\/wp-content\/uploads\/2023\/12\/retro-300x285.jpg 300w, https:\/\/shamrock-yachts.pl\/wp-content\/uploads\/2023\/12\/retro-768x731.jpg 768w\" sizes=\"(max-width: 800px) 100vw, 800px\" \/>\t\t\t\t\t\t\t\t\t\t\t\t\t<\/div>\n\t\t\t\t<\/div>\n\t\t\t\t<\/div>\n\t\t\t\t\t<\/div>\n\t\t\t\t<\/div>\n\t\t<div class=\"elementor-element elementor-element-3aa893da e-flex e-con-boxed e-con e-parent\" data-id=\"3aa893da\" data-element_type=\"container\">\n\t\t\t\t\t<div class=\"e-con-inner\">\n\t\t<div class=\"elementor-element elementor-element-ffac40c e-con-full e-flex elementor-invisible e-con e-child\" data-id=\"ffac40c\" data-element_type=\"container\" data-settings=\"{&quot;animation&quot;:&quot;fadeInUp&quot;,&quot;animation_delay&quot;:100}\">\n\t\t\t\t<div class=\"elementor-element elementor-element-15eb188f elementor-widget elementor-widget-heading\" data-id=\"15eb188f\" data-element_type=\"widget\" data-widget_type=\"heading.default\">\n\t\t\t\t<div class=\"elementor-widget-container\">\n\t\t\t<h2 class=\"elementor-heading-title elementor-size-default\">Impreza Filmowa \"P\u0142ywaj\u0105ce Kino\":<\/h2>\t\t<\/div>\n\t\t\t\t<\/div>\n\t\t\t\t<div class=\"elementor-element elementor-element-11b21796 elementor-widget elementor-widget-text-editor\" data-id=\"11b21796\" data-element_type=\"widget\" data-widget_type=\"text-editor.default\">\n\t\t\t\t<div class=\"elementor-widget-container\">\n\t\t\t\t\t\t\t<p><strong>Stroje Bohater\u00f3w Filmowych, dekoracje Kinowe i Konkurs:<\/strong><\/p><ul><li>Uczestnicy ubieraj\u0105 si\u0119 w kostiumy swoich ulubionych bohater\u00f3w filmowych.<\/li><li>Projektor na pok\u0142adzie i wy\u015bwietla filmy lub sceny filmowe na du\u017cym ekranie (\u017caglu).<\/li><li>Na koniec konkurs, w kt\u00f3rym dru\u017cyny przedstawiaj\u0105 w\u0142asne interpretacje kultowych scen filmowych.<\/li><\/ul>\t\t\t\t\t\t<\/div>\n\t\t\t\t<\/div>\n\t\t\t\t<div class=\"elementor-element elementor-element-59ae94cc elementor-widget-divider--view-line elementor-widget elementor-widget-divider\" data-id=\"59ae94cc\" data-element_type=\"widget\" data-widget_type=\"divider.default\">\n\t\t\t\t<div class=\"elementor-widget-container\">\n\t\t\t\t\t<div class=\"elementor-divider\">\n\t\t\t<span class=\"elementor-divider-separator\">\n\t\t\t\t\t\t<\/span>\n\t\t<\/div>\n\t\t\t\t<\/div>\n\t\t\t\t<\/div>\n\t\t\t\t<\/div>\n\t\t\t\t\t<\/div>\n\t\t\t\t<\/div>\n\t\t<div class=\"elementor-element elementor-element-4224437 e-flex e-con-boxed elementor-invisible e-con e-parent\" data-id=\"4224437\" data-element_type=\"container\" data-settings=\"{&quot;animation&quot;:&quot;fadeInUp&quot;}\">\n\t\t\t\t\t<div class=\"e-con-inner\">\n\t\t\t\t<div class=\"elementor-element elementor-element-5891de2b elementor-widget elementor-widget-heading\" data-id=\"5891de2b\" data-element_type=\"widget\" data-widget_type=\"heading.default\">\n\t\t\t\t<div class=\"elementor-widget-container\">\n\t\t\t<h2 class=\"elementor-heading-title elementor-size-default\">Zapisy i pytania:<\/h2>\t\t<\/div>\n\t\t\t\t<\/div>\n\t\t\t\t<div class=\"elementor-element elementor-element-2a2c19d5 elementor-widget elementor-widget-text-editor\" data-id=\"2a2c19d5\" data-element_type=\"widget\" data-widget_type=\"text-editor.default\">\n\t\t\t\t<div class=\"elementor-widget-container\">\n\t\t\t\t\t\t\t<p><strong><span style=\"color: #061138;\">E-mail:<\/span> <span style=\"color: #e7b45f;\">shamrockyachts@gmail.com<\/span><\/strong><\/p><p><strong><span style=\"color: #061138;\">Tel:<\/span> <span style=\"color: #e7b45f;\">510 513 3 10<\/span><\/strong><\/p>\t\t\t\t\t\t<\/div>\n\t\t\t\t<\/div>\n\t\t\t\t\t<\/div>\n\t\t\t\t<\/div>\n\t\t<div class=\"elementor-element elementor-element-6b11e0a6 e-flex e-con-boxed e-con e-parent\" data-id=\"6b11e0a6\" data-element_type=\"container\">\n\t\t\t\t\t<div class=\"e-con-inner\">\n\t\t\t\t<div class=\"elementor-element elementor-element-4dc0f482 elementor-widget elementor-widget-heading\" data-id=\"4dc0f482\" data-element_type=\"widget\" data-widget_type=\"heading.default\">\n\t\t\t\t<div class=\"elementor-widget-container\">\n\t\t\t<h2 class=\"elementor-heading-title elementor-size-default\">Formularz kontaktowy:<\/h2>\t\t<\/div>\n\t\t\t\t<\/div>\n\t\t\t\t<div class=\"elementor-element elementor-element-7126aa4d elementor-widget elementor-widget-shortcode\" data-id=\"7126aa4d\" data-element_type=\"widget\" data-widget_type=\"shortcode.default\">\n\t\t\t\t<div class=\"elementor-widget-container\">\n\t\t\t\t\t<div class=\"elementor-shortcode\">\n<div class=\"wpcf7 no-js\" id=\"wpcf7-f160-o1\" lang=\"pl-PL\" dir=\"ltr\">\n<div class=\"screen-reader-response\"><p role=\"status\" aria-live=\"polite\" aria-atomic=\"true\"><\/p> <ul><\/ul><\/div>\n<form action=\"\/index.php?rest_route=%2Fwp%2Fv2%2Fpages%2F743#wpcf7-f160-o1\" method=\"post\" class=\"wpcf7-form init\" aria-label=\"Formularz kontaktowy\" novalidate=\"novalidate\" data-status=\"init\">\n<div style=\"display: none;\">\n<input type=\"hidden\" name=\"_wpcf7\" value=\"160\" \/>\n<input type=\"hidden\" name=\"_wpcf7_version\" value=\"5.9.8\" \/>\n<input type=\"hidden\" name=\"_wpcf7_locale\" value=\"pl_PL\" \/>\n<input type=\"hidden\" name=\"_wpcf7_unit_tag\" value=\"wpcf7-f160-o1\" \/>\n<input type=\"hidden\" name=\"_wpcf7_container_post\" value=\"0\" \/>\n<input type=\"hidden\" name=\"_wpcf7_posted_data_hash\" value=\"\" \/>\n<\/div>\n<div class=\"row\">\n\t<div class=\"col-lg-6\">\n\t\t<p><span class=\"wpcf7-form-control-wrap\" data-name=\"your-name\"><input size=\"40\" maxlength=\"400\" class=\"wpcf7-form-control wpcf7-text wpcf7-validates-as-required\" aria-required=\"true\" aria-invalid=\"false\" placeholder=\"Twoje imi\u0119...\" value=\"\" type=\"text\" name=\"your-name\" \/><\/span>\n\t\t<\/p>\n\t<\/div>\n\t<div class=\"col-lg-6\">\n\t\t<p><span class=\"wpcf7-form-control-wrap\" data-name=\"text-637\"><input size=\"40\" maxlength=\"400\" class=\"wpcf7-form-control wpcf7-text wpcf7-validates-as-required\" aria-required=\"true\" aria-invalid=\"false\" placeholder=\"Twoje nazwisko...\" value=\"\" type=\"text\" name=\"text-637\" \/><\/span>\n\t\t<\/p>\n\t<\/div>\n\t<div class=\"col-lg-6\">\n\t\t<p><span class=\"wpcf7-form-control-wrap\" data-name=\"your-email\"><input size=\"40\" maxlength=\"400\" class=\"wpcf7-form-control wpcf7-email wpcf7-validates-as-required wpcf7-text wpcf7-validates-as-email\" aria-required=\"true\" aria-invalid=\"false\" placeholder=\"Adres e-mail...\" value=\"\" type=\"email\" name=\"your-email\" \/><\/span>\n\t\t<\/p>\n\t<\/div>\n\t<div class=\"col-lg-6\">\n\t\t<p><span class=\"wpcf7-form-control-wrap\" data-name=\"tel-827\"><input size=\"40\" maxlength=\"9\" minlength=\"9\" class=\"wpcf7-form-control wpcf7-tel wpcf7-validates-as-required wpcf7-text wpcf7-validates-as-tel\" aria-required=\"true\" aria-invalid=\"false\" placeholder=\"Numer telefonu...\" value=\"\" type=\"tel\" name=\"tel-827\" \/><\/span>\n\t\t<\/p>\n\t<\/div>\n\t<div class=\"col-lg-12\">\n\t\t<p><span class=\"wpcf7-form-control-wrap\" data-name=\"your-message\"><textarea cols=\"40\" rows=\"10\" maxlength=\"2000\" class=\"wpcf7-form-control wpcf7-textarea wpcf7-validates-as-required\" aria-required=\"true\" aria-invalid=\"false\" placeholder=\"Tre\u015b\u0107 wiadomo\u015bci...\" name=\"your-message\"><\/textarea><\/span><br \/>\n<input class=\"wpcf7-form-control wpcf7-submit has-spinner button\" type=\"submit\" value=\"Wy\u015blij wiadomo\u015b\u0107\" \/>\n\t\t<\/p>\n\t<\/div>\n<\/div><div class=\"wpcf7-response-output\" aria-hidden=\"true\"><\/div>\n<\/form>\n<\/div>\n<\/div>\n\t\t\t\t<\/div>\n\t\t\t\t<\/div>\n\t\t\t\t\t<\/div>\n\t\t\t\t<\/div>\n\t\t\t\t<\/div>\n\t\t","protected":false},"excerpt":{"rendered":"<p>Impreza Tematyczna Impreza Tematyczna na pok\u0142adzie. Temat mo\u017ce by\u0107 zwi\u0105zany z miejscem, do kt\u00f3rego p\u0142yniemy, lub by\u0107 zupe\u0142nie abstrakcyjny. Od stroj\u00f3w, po dekoracje i muzyk\u0119 \u2013 wszystko mo\u017ce by\u0107 dopasowane do tematu. Taki event stworzy atmosfer\u0119 zabawy, relaksu i integracji na pok\u0142adzie jachtu, a jednocze\u015bnie umo\u017cliwi uczestnikom prze\u017cycie wyj\u0105tkowego, unikalnego i niezapomnianego wyjazdu. Impreza Tematyczna [&hellip;]<\/p>\n","protected":false},"author":1,"featured_media":0,"parent":7,"menu_order":0,"comment_status":"closed","ping_status":"closed","template":"","meta":{"footnotes":""},"class_list":["post-743","page","type-page","status-publish","hentry"],"_links":{"self":[{"href":"https:\/\/shamrock-yachts.pl\/index.php?rest_route=\/wp\/v2\/pages\/743"}],"collection":[{"href":"https:\/\/shamrock-yachts.pl\/index.php?rest_route=\/wp\/v2\/pages"}],"about":[{"href":"https:\/\/shamrock-yachts.pl\/index.php?rest_route=\/wp\/v2\/types\/page"}],"author":[{"embeddable":true,"href":"https:\/\/shamrock-yachts.pl\/index.php?rest_route=\/wp\/v2\/users\/1"}],"replies":[{"embeddable":true,"href":"https:\/\/shamrock-yachts.pl\/index.php?rest_route=%2Fwp%2Fv2%2Fcomments&post=743"}],"version-history":[{"count":13,"href":"https:\/\/shamrock-yachts.pl\/index.php?rest_route=\/wp\/v2\/pages\/743\/revisions"}],"predecessor-version":[{"id":1146,"href":"https:\/\/shamrock-yachts.pl\/index.php?rest_route=\/wp\/v2\/pages\/743\/revisions\/1146"}],"up":[{"embeddable":true,"href":"https:\/\/shamrock-yachts.pl\/index.php?rest_route=\/wp\/v2\/pages\/7"}],"wp:attachment":[{"href":"https:\/\/shamrock-yachts.pl\/index.php?rest_route=%2Fwp%2Fv2%2Fmedia&parent=743"}],"curies":[{"name":"wp","href":"https:\/\/api.w.org\/{rel}","templated":true}]}}