

{"id":745,"date":"2023-12-20T09:24:47","date_gmt":"2023-12-20T09:24:47","guid":{"rendered":"https:\/\/shamrock-yachts.pl\/?page_id=745"},"modified":"2023-12-21T21:11:52","modified_gmt":"2023-12-21T21:11:52","slug":"wycieczki-i-zwiedzanie","status":"publish","type":"page","link":"https:\/\/shamrock-yachts.pl\/?page_id=745","title":{"rendered":"Wycieczki i zwiedzanie"},"content":{"rendered":"\t\t<div data-elementor-type=\"wp-page\" data-elementor-id=\"745\" class=\"elementor elementor-745\" data-elementor-post-type=\"page\">\n\t\t\t\t<div class=\"elementor-element elementor-element-1dce9ec2 e-con-full e-flex e-con e-parent\" data-id=\"1dce9ec2\" data-element_type=\"container\" data-settings=\"{&quot;background_background&quot;:&quot;classic&quot;}\">\n\t\t\t\t<div class=\"elementor-element elementor-element-617052a3 elementor-widget elementor-widget-heading\" data-id=\"617052a3\" data-element_type=\"widget\" data-widget_type=\"heading.default\">\n\t\t\t\t<div class=\"elementor-widget-container\">\n\t\t\t<h1 class=\"elementor-heading-title elementor-size-default\">Wycieczki, Zwiedzanie i Degustacja<\/h1>\t\t<\/div>\n\t\t\t\t<\/div>\n\t\t\t\t<\/div>\n\t\t<div class=\"elementor-element elementor-element-45c82fc8 e-flex e-con-boxed elementor-invisible e-con e-parent\" data-id=\"45c82fc8\" data-element_type=\"container\" data-settings=\"{&quot;background_background&quot;:&quot;classic&quot;,&quot;animation&quot;:&quot;fadeInUp&quot;}\">\n\t\t\t\t\t<div class=\"e-con-inner\">\n\t\t\t\t<div class=\"elementor-element elementor-element-389c9892 elementor-widget elementor-widget-heading\" data-id=\"389c9892\" data-element_type=\"widget\" data-widget_type=\"heading.default\">\n\t\t\t\t<div class=\"elementor-widget-container\">\n\t\t\t<h2 class=\"elementor-heading-title elementor-size-default\">Wycieczki, Zwiedzanie i Degustacja l\u0105dowe ciekawych miejsc. Zwiedzanie historycznych miejsc, degustacja lokalnych przysmak\u00f3w czy spacer po malowniczych okolicach. Umo\u017cliwiamy uczestnikom odkrywanie r\u00f3\u017cnorodno\u015bci lokalnych atrakcji i cieszenie si\u0119 unikalnymi do\u015bwiadczeniami na l\u0105dzie. Dodatkowo wszystkie miejsca widziane z wody wygl\u0105daj\u0105 zupe\u0142nie inaczej.<\/h2>\t\t<\/div>\n\t\t\t\t<\/div>\n\t\t\t\t\t<\/div>\n\t\t\t\t<\/div>\n\t\t<div class=\"elementor-element elementor-element-b68eec6 e-flex e-con-boxed elementor-invisible e-con e-parent\" data-id=\"b68eec6\" data-element_type=\"container\" data-settings=\"{&quot;animation&quot;:&quot;fadeInUp&quot;}\">\n\t\t\t\t\t<div class=\"e-con-inner\">\n\t\t\t\t<div class=\"elementor-element elementor-element-5040c70 elementor-widget elementor-widget-heading\" data-id=\"5040c70\" data-element_type=\"widget\" data-widget_type=\"heading.default\">\n\t\t\t\t<div class=\"elementor-widget-container\">\n\t\t\t<h2 class=\"elementor-heading-title elementor-size-default\">W tym punkcie zach\u0119camy te\u017c do skorzystania z naszych rejs\u00f3w tematycznych, kt\u00f3rych pe\u0142na ofert\u0119 znajdziesz tu:<\/h2>\t\t<\/div>\n\t\t\t\t<\/div>\n\t\t\t\t<div class=\"elementor-element elementor-element-4d44d5d elementor-align-center elementor-widget elementor-widget-button\" data-id=\"4d44d5d\" data-element_type=\"widget\" data-widget_type=\"button.default\">\n\t\t\t\t<div class=\"elementor-widget-container\">\n\t\t\t\t\t\t\t<div class=\"elementor-button-wrapper\">\n\t\t\t\t\t<a class=\"elementor-button elementor-button-link elementor-size-lg\" href=\"https:\/\/shamrock-yachts.pl\/rejsy\/\">\n\t\t\t\t\t\t<span class=\"elementor-button-content-wrapper\">\n\t\t\t\t\t\t\t\t\t<span class=\"elementor-button-text\">Sprawd\u017a ofert\u0119<\/span>\n\t\t\t\t\t<\/span>\n\t\t\t\t\t<\/a>\n\t\t\t\t<\/div>\n\t\t\t\t\t\t<\/div>\n\t\t\t\t<\/div>\n\t\t\t\t\t<\/div>\n\t\t\t\t<\/div>\n\t\t<div class=\"elementor-element elementor-element-14d84cf4 e-flex e-con-boxed e-con e-parent\" data-id=\"14d84cf4\" data-element_type=\"container\">\n\t\t\t\t\t<div class=\"e-con-inner\">\n\t\t<div class=\"elementor-element elementor-element-23c0c04d e-con-full e-flex elementor-invisible e-con e-child\" data-id=\"23c0c04d\" data-element_type=\"container\" data-settings=\"{&quot;animation&quot;:&quot;fadeInUp&quot;}\">\n\t\t\t\t<div class=\"elementor-element elementor-element-7f12e7b0 elementor-widget elementor-widget-heading\" data-id=\"7f12e7b0\" data-element_type=\"widget\" data-widget_type=\"heading.default\">\n\t\t\t\t<div class=\"elementor-widget-container\">\n\t\t\t<h2 class=\"elementor-heading-title elementor-size-default\">Wycieczki, Zwiedzanie i Degustacja:<\/h2>\t\t<\/div>\n\t\t\t\t<\/div>\n\t\t\t\t<div class=\"elementor-element elementor-element-29f6461a elementor-widget elementor-widget-text-editor\" data-id=\"29f6461a\" data-element_type=\"widget\" data-widget_type=\"text-editor.default\">\n\t\t\t\t<div class=\"elementor-widget-container\">\n\t\t\t\t\t\t\t<p><strong>Zwiedzanie Historycznych i Malowniczych Miejsc:<\/strong><br \/>Wycieczki do miejsc o bogatej historii, takich jak zabytki, rynki czy ruiny.<br \/>Wst\u0119p do mazurskich muze\u00f3w, gdzie uczestnicy mog\u0105 zobaczy\u0107 kolekcj\u0119 zwi\u0105zanych z historyczno-regionalnymi eksponatami. Spacery po urokliwych okolicach, parkach czy promenadach, aby uczestnicy mogli cieszy\u0107 si\u0119 pi\u0119knem otaczaj\u0105cej przyrody.<\/p><p><br \/>Dla mi\u0142o\u015bnik\u00f3w natury, wycieczki szlakami przyrodniczymi, aby odkrywa\u0107 pi\u0119kno krajobrazu i obserwowa\u0107 mazursk\u0105 faun\u0119 i flor\u0119.<br \/>Przewodnik podzieli si\u0119 fascynuj\u0105cymi opowie\u015bciami z przesz\u0142o\u015bci i ciekawostkami dotycz\u0105cymi mazurskiej kultury.<\/p>\t\t\t\t\t\t<\/div>\n\t\t\t\t<\/div>\n\t\t\t\t<\/div>\n\t\t<div class=\"elementor-element elementor-element-2c710b13 e-con-full e-flex elementor-invisible e-con e-child\" data-id=\"2c710b13\" data-element_type=\"container\" data-settings=\"{&quot;animation&quot;:&quot;fadeInUp&quot;,&quot;animation_delay&quot;:100}\">\n\t\t\t\t<div class=\"elementor-element elementor-element-41d20c00 elementor-widget elementor-widget-image\" data-id=\"41d20c00\" data-element_type=\"widget\" data-widget_type=\"image.default\">\n\t\t\t\t<div class=\"elementor-widget-container\">\n\t\t\t\t\t\t\t\t\t\t\t\t\t<img fetchpriority=\"high\" decoding=\"async\" width=\"800\" height=\"766\" src=\"https:\/\/shamrock-yachts.pl\/wp-content\/uploads\/2023\/12\/ruins.jpg\" class=\"attachment-full size-full wp-image-857\" alt=\"\" srcset=\"https:\/\/shamrock-yachts.pl\/wp-content\/uploads\/2023\/12\/ruins.jpg 800w, https:\/\/shamrock-yachts.pl\/wp-content\/uploads\/2023\/12\/ruins-600x575.jpg 600w, https:\/\/shamrock-yachts.pl\/wp-content\/uploads\/2023\/12\/ruins-300x287.jpg 300w, https:\/\/shamrock-yachts.pl\/wp-content\/uploads\/2023\/12\/ruins-768x735.jpg 768w\" sizes=\"(max-width: 800px) 100vw, 800px\" \/>\t\t\t\t\t\t\t\t\t\t\t\t\t<\/div>\n\t\t\t\t<\/div>\n\t\t\t\t<\/div>\n\t\t\t\t\t<\/div>\n\t\t\t\t<\/div>\n\t\t<div class=\"elementor-element elementor-element-258f4b19 e-flex e-con-boxed e-con e-parent\" data-id=\"258f4b19\" data-element_type=\"container\">\n\t\t\t\t\t<div class=\"e-con-inner\">\n\t\t<div class=\"elementor-element elementor-element-32aa13a3 e-con-full e-flex elementor-invisible e-con e-child\" data-id=\"32aa13a3\" data-element_type=\"container\" data-settings=\"{&quot;animation&quot;:&quot;fadeInUp&quot;}\">\n\t\t\t\t<div class=\"elementor-element elementor-element-197766d7 elementor-widget elementor-widget-image\" data-id=\"197766d7\" data-element_type=\"widget\" data-widget_type=\"image.default\">\n\t\t\t\t<div class=\"elementor-widget-container\">\n\t\t\t\t\t\t\t\t\t\t\t\t\t<img decoding=\"async\" width=\"800\" height=\"756\" src=\"https:\/\/shamrock-yachts.pl\/wp-content\/uploads\/2023\/12\/degustate.jpg\" class=\"attachment-full size-full wp-image-858\" alt=\"\" srcset=\"https:\/\/shamrock-yachts.pl\/wp-content\/uploads\/2023\/12\/degustate.jpg 800w, https:\/\/shamrock-yachts.pl\/wp-content\/uploads\/2023\/12\/degustate-600x567.jpg 600w, https:\/\/shamrock-yachts.pl\/wp-content\/uploads\/2023\/12\/degustate-300x284.jpg 300w, https:\/\/shamrock-yachts.pl\/wp-content\/uploads\/2023\/12\/degustate-768x726.jpg 768w\" sizes=\"(max-width: 800px) 100vw, 800px\" \/>\t\t\t\t\t\t\t\t\t\t\t\t\t<\/div>\n\t\t\t\t<\/div>\n\t\t\t\t<\/div>\n\t\t<div class=\"elementor-element elementor-element-2474ae97 e-con-full e-flex elementor-invisible e-con e-child\" data-id=\"2474ae97\" data-element_type=\"container\" data-settings=\"{&quot;animation&quot;:&quot;fadeInUp&quot;,&quot;animation_delay&quot;:100}\">\n\t\t\t\t<div class=\"elementor-element elementor-element-17cb6b49 elementor-widget elementor-widget-text-editor\" data-id=\"17cb6b49\" data-element_type=\"widget\" data-widget_type=\"text-editor.default\">\n\t\t\t\t<div class=\"elementor-widget-container\">\n\t\t\t\t\t\t\t<p><strong>Warsztaty i Degustacja Lokalnych Przysmak\u00f3w:<\/strong><br \/>Wizyta w lokalnej restauracji lub kole gospody\u0144, gdzie uczestnicy mog\u0105 degustowa\u0107 i przygotowa\u0107 charakterystyczne dania i napoje z regionu.<br \/>Wizyta na lokalnych targach, gdzie uczestnicy mog\u0105 odkrywa\u0107 unikalne produkty, pami\u0105tki i do\u015bwiadcza\u0107 autentycznej atmosfery.<\/p><p><br \/>Wycieczka do pracowni rzemie\u015blniczych, gdzie uczestnicy mog\u0105 obserwowa\u0107 proces tworzenia lokalnych produkt\u00f3w artystycznych.<\/p><p><br \/>Wycieczka do pasieki, winnicy itp, gdzie uczestnicy mog\u0105 dowiedzie\u0107 si\u0119 wi\u0119cej o produkcji lokalnych przysmak\u00f3w i skosztowa\u0107 r\u00f3\u017cnych produkt\u00f3w.<\/p>\t\t\t\t\t\t<\/div>\n\t\t\t\t<\/div>\n\t\t\t\t<\/div>\n\t\t\t\t\t<\/div>\n\t\t\t\t<\/div>\n\t\t<div class=\"elementor-element elementor-element-78cbb686 e-flex e-con-boxed elementor-invisible e-con e-parent\" data-id=\"78cbb686\" data-element_type=\"container\" data-settings=\"{&quot;animation&quot;:&quot;fadeInUp&quot;}\">\n\t\t\t\t\t<div class=\"e-con-inner\">\n\t\t\t\t<div class=\"elementor-element elementor-element-73adb469 elementor-widget elementor-widget-heading\" data-id=\"73adb469\" data-element_type=\"widget\" data-widget_type=\"heading.default\">\n\t\t\t\t<div class=\"elementor-widget-container\">\n\t\t\t<h2 class=\"elementor-heading-title elementor-size-default\">Zapisy i pytania:<\/h2>\t\t<\/div>\n\t\t\t\t<\/div>\n\t\t\t\t<div class=\"elementor-element elementor-element-2ab27ffa elementor-widget elementor-widget-text-editor\" data-id=\"2ab27ffa\" data-element_type=\"widget\" data-widget_type=\"text-editor.default\">\n\t\t\t\t<div class=\"elementor-widget-container\">\n\t\t\t\t\t\t\t<p><strong><span style=\"color: #061138;\">E-mail:<\/span> <span style=\"color: #e7b45f;\">shamrockyachts@gmail.com<\/span><\/strong><\/p><p><strong><span style=\"color: #061138;\">Tel:<\/span> <span style=\"color: #e7b45f;\">510 513 3 10<\/span><\/strong><\/p>\t\t\t\t\t\t<\/div>\n\t\t\t\t<\/div>\n\t\t\t\t\t<\/div>\n\t\t\t\t<\/div>\n\t\t<div class=\"elementor-element elementor-element-483915c1 e-flex e-con-boxed e-con e-parent\" data-id=\"483915c1\" data-element_type=\"container\">\n\t\t\t\t\t<div class=\"e-con-inner\">\n\t\t\t\t<div class=\"elementor-element elementor-element-66ee355 elementor-widget elementor-widget-heading\" data-id=\"66ee355\" data-element_type=\"widget\" data-widget_type=\"heading.default\">\n\t\t\t\t<div class=\"elementor-widget-container\">\n\t\t\t<h2 class=\"elementor-heading-title elementor-size-default\">Formularz kontaktowy:<\/h2>\t\t<\/div>\n\t\t\t\t<\/div>\n\t\t\t\t<div class=\"elementor-element elementor-element-3b5f82f1 elementor-widget elementor-widget-shortcode\" data-id=\"3b5f82f1\" data-element_type=\"widget\" data-widget_type=\"shortcode.default\">\n\t\t\t\t<div class=\"elementor-widget-container\">\n\t\t\t\t\t<div class=\"elementor-shortcode\">\n<div class=\"wpcf7 no-js\" id=\"wpcf7-f160-o1\" lang=\"pl-PL\" dir=\"ltr\">\n<div class=\"screen-reader-response\"><p role=\"status\" aria-live=\"polite\" aria-atomic=\"true\"><\/p> <ul><\/ul><\/div>\n<form action=\"\/index.php?rest_route=%2Fwp%2Fv2%2Fpages%2F745#wpcf7-f160-o1\" method=\"post\" class=\"wpcf7-form init\" aria-label=\"Formularz kontaktowy\" novalidate=\"novalidate\" data-status=\"init\">\n<div style=\"display: none;\">\n<input type=\"hidden\" name=\"_wpcf7\" value=\"160\" \/>\n<input type=\"hidden\" name=\"_wpcf7_version\" value=\"5.9.8\" \/>\n<input type=\"hidden\" name=\"_wpcf7_locale\" value=\"pl_PL\" \/>\n<input type=\"hidden\" name=\"_wpcf7_unit_tag\" value=\"wpcf7-f160-o1\" \/>\n<input type=\"hidden\" name=\"_wpcf7_container_post\" value=\"0\" \/>\n<input type=\"hidden\" name=\"_wpcf7_posted_data_hash\" value=\"\" \/>\n<\/div>\n<div class=\"row\">\n\t<div class=\"col-lg-6\">\n\t\t<p><span class=\"wpcf7-form-control-wrap\" data-name=\"your-name\"><input size=\"40\" maxlength=\"400\" class=\"wpcf7-form-control wpcf7-text wpcf7-validates-as-required\" aria-required=\"true\" aria-invalid=\"false\" placeholder=\"Twoje imi\u0119...\" value=\"\" type=\"text\" name=\"your-name\" \/><\/span>\n\t\t<\/p>\n\t<\/div>\n\t<div class=\"col-lg-6\">\n\t\t<p><span class=\"wpcf7-form-control-wrap\" data-name=\"text-637\"><input size=\"40\" maxlength=\"400\" class=\"wpcf7-form-control wpcf7-text wpcf7-validates-as-required\" aria-required=\"true\" aria-invalid=\"false\" placeholder=\"Twoje nazwisko...\" value=\"\" type=\"text\" name=\"text-637\" \/><\/span>\n\t\t<\/p>\n\t<\/div>\n\t<div class=\"col-lg-6\">\n\t\t<p><span class=\"wpcf7-form-control-wrap\" data-name=\"your-email\"><input size=\"40\" maxlength=\"400\" class=\"wpcf7-form-control wpcf7-email wpcf7-validates-as-required wpcf7-text wpcf7-validates-as-email\" aria-required=\"true\" aria-invalid=\"false\" placeholder=\"Adres e-mail...\" value=\"\" type=\"email\" name=\"your-email\" \/><\/span>\n\t\t<\/p>\n\t<\/div>\n\t<div class=\"col-lg-6\">\n\t\t<p><span class=\"wpcf7-form-control-wrap\" data-name=\"tel-827\"><input size=\"40\" maxlength=\"9\" minlength=\"9\" class=\"wpcf7-form-control wpcf7-tel wpcf7-validates-as-required wpcf7-text wpcf7-validates-as-tel\" aria-required=\"true\" aria-invalid=\"false\" placeholder=\"Numer telefonu...\" value=\"\" type=\"tel\" name=\"tel-827\" \/><\/span>\n\t\t<\/p>\n\t<\/div>\n\t<div class=\"col-lg-12\">\n\t\t<p><span class=\"wpcf7-form-control-wrap\" data-name=\"your-message\"><textarea cols=\"40\" rows=\"10\" maxlength=\"2000\" class=\"wpcf7-form-control wpcf7-textarea wpcf7-validates-as-required\" aria-required=\"true\" aria-invalid=\"false\" placeholder=\"Tre\u015b\u0107 wiadomo\u015bci...\" name=\"your-message\"><\/textarea><\/span><br \/>\n<input class=\"wpcf7-form-control wpcf7-submit has-spinner button\" type=\"submit\" value=\"Wy\u015blij wiadomo\u015b\u0107\" \/>\n\t\t<\/p>\n\t<\/div>\n<\/div><div class=\"wpcf7-response-output\" aria-hidden=\"true\"><\/div>\n<\/form>\n<\/div>\n<\/div>\n\t\t\t\t<\/div>\n\t\t\t\t<\/div>\n\t\t\t\t\t<\/div>\n\t\t\t\t<\/div>\n\t\t\t\t<\/div>\n\t\t","protected":false},"excerpt":{"rendered":"<p>Wycieczki, Zwiedzanie i Degustacja Wycieczki, Zwiedzanie i Degustacja l\u0105dowe ciekawych miejsc. Zwiedzanie historycznych miejsc, degustacja lokalnych przysmak\u00f3w czy spacer po malowniczych okolicach. Umo\u017cliwiamy uczestnikom odkrywanie r\u00f3\u017cnorodno\u015bci lokalnych atrakcji i cieszenie si\u0119 unikalnymi do\u015bwiadczeniami na l\u0105dzie. Dodatkowo wszystkie miejsca widziane z wody wygl\u0105daj\u0105 zupe\u0142nie inaczej. W tym punkcie zach\u0119camy te\u017c do skorzystania z naszych rejs\u00f3w tematycznych, [&hellip;]<\/p>\n","protected":false},"author":1,"featured_media":0,"parent":7,"menu_order":0,"comment_status":"closed","ping_status":"closed","template":"","meta":{"footnotes":""},"class_list":["post-745","page","type-page","status-publish","hentry"],"_links":{"self":[{"href":"https:\/\/shamrock-yachts.pl\/index.php?rest_route=\/wp\/v2\/pages\/745"}],"collection":[{"href":"https:\/\/shamrock-yachts.pl\/index.php?rest_route=\/wp\/v2\/pages"}],"about":[{"href":"https:\/\/shamrock-yachts.pl\/index.php?rest_route=\/wp\/v2\/types\/page"}],"author":[{"embeddable":true,"href":"https:\/\/shamrock-yachts.pl\/index.php?rest_route=\/wp\/v2\/users\/1"}],"replies":[{"embeddable":true,"href":"https:\/\/shamrock-yachts.pl\/index.php?rest_route=%2Fwp%2Fv2%2Fcomments&post=745"}],"version-history":[{"count":10,"href":"https:\/\/shamrock-yachts.pl\/index.php?rest_route=\/wp\/v2\/pages\/745\/revisions"}],"predecessor-version":[{"id":1114,"href":"https:\/\/shamrock-yachts.pl\/index.php?rest_route=\/wp\/v2\/pages\/745\/revisions\/1114"}],"up":[{"embeddable":true,"href":"https:\/\/shamrock-yachts.pl\/index.php?rest_route=\/wp\/v2\/pages\/7"}],"wp:attachment":[{"href":"https:\/\/shamrock-yachts.pl\/index.php?rest_route=%2Fwp%2Fv2%2Fmedia&parent=745"}],"curies":[{"name":"wp","href":"https:\/\/api.w.org\/{rel}","templated":true}]}}