

{"id":749,"date":"2023-12-20T09:25:22","date_gmt":"2023-12-20T09:25:22","guid":{"rendered":"https:\/\/shamrock-yachts.pl\/?page_id=749"},"modified":"2023-12-22T09:18:45","modified_gmt":"2023-12-22T09:18:45","slug":"spotkanie-integracyjne","status":"publish","type":"page","link":"https:\/\/shamrock-yachts.pl\/?page_id=749","title":{"rendered":"Spotkanie integracyjne"},"content":{"rendered":"\t\t<div data-elementor-type=\"wp-page\" data-elementor-id=\"749\" class=\"elementor elementor-749\" data-elementor-post-type=\"page\">\n\t\t\t\t<div class=\"elementor-element elementor-element-21a0a5ff e-con-full e-flex e-con e-parent\" data-id=\"21a0a5ff\" data-element_type=\"container\" data-settings=\"{&quot;background_background&quot;:&quot;classic&quot;}\">\n\t\t\t\t<div class=\"elementor-element elementor-element-6fdbb9a1 elementor-widget elementor-widget-heading\" data-id=\"6fdbb9a1\" data-element_type=\"widget\" data-widget_type=\"heading.default\">\n\t\t\t\t<div class=\"elementor-widget-container\">\n\t\t\t<h1 class=\"elementor-heading-title elementor-size-default\">Spotkania Integracyjne<\/h1>\t\t<\/div>\n\t\t\t\t<\/div>\n\t\t\t\t<\/div>\n\t\t<div class=\"elementor-element elementor-element-1530353 e-flex e-con-boxed elementor-invisible e-con e-parent\" data-id=\"1530353\" data-element_type=\"container\" data-settings=\"{&quot;background_background&quot;:&quot;classic&quot;,&quot;animation&quot;:&quot;fadeInUp&quot;}\">\n\t\t\t\t\t<div class=\"e-con-inner\">\n\t\t\t\t<div class=\"elementor-element elementor-element-2dc29423 elementor-widget elementor-widget-heading\" data-id=\"2dc29423\" data-element_type=\"widget\" data-widget_type=\"heading.default\">\n\t\t\t\t<div class=\"elementor-widget-container\">\n\t\t\t<h2 class=\"elementor-heading-title elementor-size-default\">Spotkania Integracyjne podczas kt\u00f3rych uczestnicy mog\u0105 dzieli\u0107 si\u0119 swoimi do\u015bwiadczeniami, celami czy pomys\u0142ami zar\u00f3wno z \u017cycia zawodowego jak i osobistego. To doskona\u0142a okazja do lepszego zrozumienia siebie nawzajem, budowania wsp\u00f3\u0142pracy oraz wsp\u00f3lnego planowania. To tak\u017ce doskona\u0142y spos\u00f3b na wzmocnienie wi\u0119zi w grupie i stworzenie atmosfery otwarto\u015bci i zaufania.<\/h2>\t\t<\/div>\n\t\t\t\t<\/div>\n\t\t\t\t\t<\/div>\n\t\t\t\t<\/div>\n\t\t<div class=\"elementor-element elementor-element-2c7ec4f3 e-flex e-con-boxed e-con e-parent\" data-id=\"2c7ec4f3\" data-element_type=\"container\">\n\t\t\t\t\t<div class=\"e-con-inner\">\n\t\t<div class=\"elementor-element elementor-element-19a55b87 e-con-full e-flex elementor-invisible e-con e-child\" data-id=\"19a55b87\" data-element_type=\"container\" data-settings=\"{&quot;animation&quot;:&quot;fadeInUp&quot;}\">\n\t\t\t\t<div class=\"elementor-element elementor-element-7f7449ee elementor-widget elementor-widget-heading\" data-id=\"7f7449ee\" data-element_type=\"widget\" data-widget_type=\"heading.default\">\n\t\t\t\t<div class=\"elementor-widget-container\">\n\t\t\t<h2 class=\"elementor-heading-title elementor-size-default\">Spotkania Integracyjne:<\/h2>\t\t<\/div>\n\t\t\t\t<\/div>\n\t\t\t\t<div class=\"elementor-element elementor-element-35fa0d4b elementor-widget elementor-widget-text-editor\" data-id=\"35fa0d4b\" data-element_type=\"widget\" data-widget_type=\"text-editor.default\">\n\t\t\t\t<div class=\"elementor-widget-container\">\n\t\t\t\t\t\t\t<ol><li><strong>Icebreaker , Pasje, SWOT i Motywacja na Pok\u0142adzie:<\/strong><br \/>&#8211; Kr\u00f3tkie gry integracyjne na pok\u0142adzie, aby z\u0142ama\u0107 pierwsze barierki i zainicjowa\u0107 atmosfer\u0119 otwarto\u015bci.<br \/>&#8211; Uczestnicy przygotowuj\u0105 kr\u00f3tkie prezentacje na temat swoich pasji, zainteresowa\u0144 lub hobby.<br \/>&#8211; Uczestnicy wybieraj\u0105 inspiruj\u0105c\u0105 posta\u0107, cytat lub kr\u00f3tk\u0105 histori\u0119 motywacyjn\u0105 do przeczytania dla grupy.<br \/>&#8211; Zbiorowe przemy\u015blenia uczestnik\u00f3w o swoich mocnych i s\u0142abych stronach, szansach i zagro\u017ceniach.<\/li><li><strong>Burza M\u00f3zg\u00f3w, Cele i Refleksje na Wodzie:<\/strong><br \/>&#8211; Wsp\u00f3lne opracowanie pomys\u0142\u00f3w na rozwi\u0105zanie wyzwa\u0144, zar\u00f3wno zawodowych, jak i osobistych, podczas sesji burzy m\u00f3zg\u00f3w.<br \/>&#8211; Uczestnicy przedstawiaj\u0105 kr\u00f3tkoterminowe i d\u0142ugoterminowe cele, zar\u00f3wno zawodowe, jak i osobiste. Opcja dyskusji i wparcia do ich realizacji.<br \/>&#8211; Stworzony moment na refleksj\u0119, w kt\u00f3rym ka\u017cdy uczestnik mo\u017ce podzieli\u0107 si\u0119 swoimi przemy\u015bleniami z rejsu i oczekiwaniami na przysz\u0142o\u015b\u0107.<\/li><\/ol>\t\t\t\t\t\t<\/div>\n\t\t\t\t<\/div>\n\t\t\t\t<\/div>\n\t\t<div class=\"elementor-element elementor-element-6966128d e-con-full e-flex elementor-invisible e-con e-child\" data-id=\"6966128d\" data-element_type=\"container\" data-settings=\"{&quot;animation&quot;:&quot;fadeInUp&quot;,&quot;animation_delay&quot;:100}\">\n\t\t\t\t<div class=\"elementor-element elementor-element-5daa1eb8 elementor-widget elementor-widget-image\" data-id=\"5daa1eb8\" data-element_type=\"widget\" data-widget_type=\"image.default\">\n\t\t\t\t<div class=\"elementor-widget-container\">\n\t\t\t\t\t\t\t\t\t\t\t\t\t<img fetchpriority=\"high\" decoding=\"async\" width=\"1206\" height=\"790\" src=\"https:\/\/shamrock-yachts.pl\/wp-content\/uploads\/2023\/12\/integrate2.jpg\" class=\"attachment-full size-full wp-image-1126\" alt=\"\" srcset=\"https:\/\/shamrock-yachts.pl\/wp-content\/uploads\/2023\/12\/integrate2.jpg 1206w, https:\/\/shamrock-yachts.pl\/wp-content\/uploads\/2023\/12\/integrate2-600x393.jpg 600w, https:\/\/shamrock-yachts.pl\/wp-content\/uploads\/2023\/12\/integrate2-300x197.jpg 300w, https:\/\/shamrock-yachts.pl\/wp-content\/uploads\/2023\/12\/integrate2-1024x671.jpg 1024w, https:\/\/shamrock-yachts.pl\/wp-content\/uploads\/2023\/12\/integrate2-768x503.jpg 768w\" sizes=\"(max-width: 1206px) 100vw, 1206px\" \/>\t\t\t\t\t\t\t\t\t\t\t\t\t<\/div>\n\t\t\t\t<\/div>\n\t\t\t\t<\/div>\n\t\t\t\t\t<\/div>\n\t\t\t\t<\/div>\n\t\t<div class=\"elementor-element elementor-element-42a540ef e-con-full e-flex elementor-invisible e-con e-parent\" data-id=\"42a540ef\" data-element_type=\"container\" data-settings=\"{&quot;animation&quot;:&quot;fadeInUp&quot;}\">\n\t\t\t\t<div class=\"elementor-element elementor-element-9654e42 elementor-widget elementor-widget-image\" data-id=\"9654e42\" data-element_type=\"widget\" data-widget_type=\"image.default\">\n\t\t\t\t<div class=\"elementor-widget-container\">\n\t\t\t\t\t\t\t\t\t\t\t\t\t<img decoding=\"async\" width=\"2000\" height=\"932\" src=\"https:\/\/shamrock-yachts.pl\/wp-content\/uploads\/2023\/12\/ujecie-z-gory-zaglowki.jpg\" class=\"attachment-full size-full wp-image-479\" alt=\"\" srcset=\"https:\/\/shamrock-yachts.pl\/wp-content\/uploads\/2023\/12\/ujecie-z-gory-zaglowki.jpg 2000w, https:\/\/shamrock-yachts.pl\/wp-content\/uploads\/2023\/12\/ujecie-z-gory-zaglowki-600x280.jpg 600w, https:\/\/shamrock-yachts.pl\/wp-content\/uploads\/2023\/12\/ujecie-z-gory-zaglowki-300x140.jpg 300w, https:\/\/shamrock-yachts.pl\/wp-content\/uploads\/2023\/12\/ujecie-z-gory-zaglowki-1024x477.jpg 1024w, https:\/\/shamrock-yachts.pl\/wp-content\/uploads\/2023\/12\/ujecie-z-gory-zaglowki-768x358.jpg 768w, https:\/\/shamrock-yachts.pl\/wp-content\/uploads\/2023\/12\/ujecie-z-gory-zaglowki-1536x716.jpg 1536w\" sizes=\"(max-width: 2000px) 100vw, 2000px\" \/>\t\t\t\t\t\t\t\t\t\t\t\t\t<\/div>\n\t\t\t\t<\/div>\n\t\t\t\t<\/div>\n\t\t<div class=\"elementor-element elementor-element-42967fe e-flex e-con-boxed elementor-invisible e-con e-parent\" data-id=\"42967fe\" data-element_type=\"container\" data-settings=\"{&quot;animation&quot;:&quot;fadeInUp&quot;}\">\n\t\t\t\t\t<div class=\"e-con-inner\">\n\t\t\t\t<div class=\"elementor-element elementor-element-33d0fe92 elementor-widget elementor-widget-heading\" data-id=\"33d0fe92\" data-element_type=\"widget\" data-widget_type=\"heading.default\">\n\t\t\t\t<div class=\"elementor-widget-container\">\n\t\t\t<h2 class=\"elementor-heading-title elementor-size-default\">Zapisy i pytania:<\/h2>\t\t<\/div>\n\t\t\t\t<\/div>\n\t\t\t\t<div class=\"elementor-element elementor-element-39fb74c7 elementor-widget elementor-widget-text-editor\" data-id=\"39fb74c7\" data-element_type=\"widget\" data-widget_type=\"text-editor.default\">\n\t\t\t\t<div class=\"elementor-widget-container\">\n\t\t\t\t\t\t\t<p><strong><span style=\"color: #061138;\">E-mail:<\/span> <span style=\"color: #e7b45f;\">shamrockyachts@gmail.com<\/span><\/strong><\/p><p><strong><span style=\"color: #061138;\">Tel:<\/span> <span style=\"color: #e7b45f;\">510 513 3 10<\/span><\/strong><\/p>\t\t\t\t\t\t<\/div>\n\t\t\t\t<\/div>\n\t\t\t\t\t<\/div>\n\t\t\t\t<\/div>\n\t\t<div class=\"elementor-element elementor-element-376f55a e-flex e-con-boxed e-con e-parent\" data-id=\"376f55a\" data-element_type=\"container\">\n\t\t\t\t\t<div class=\"e-con-inner\">\n\t\t\t\t<div class=\"elementor-element elementor-element-4748bf7c elementor-widget elementor-widget-heading\" data-id=\"4748bf7c\" data-element_type=\"widget\" data-widget_type=\"heading.default\">\n\t\t\t\t<div class=\"elementor-widget-container\">\n\t\t\t<h2 class=\"elementor-heading-title elementor-size-default\">Formularz kontaktowy:<\/h2>\t\t<\/div>\n\t\t\t\t<\/div>\n\t\t\t\t<div class=\"elementor-element elementor-element-14cded5a elementor-widget elementor-widget-shortcode\" data-id=\"14cded5a\" data-element_type=\"widget\" data-widget_type=\"shortcode.default\">\n\t\t\t\t<div class=\"elementor-widget-container\">\n\t\t\t\t\t<div class=\"elementor-shortcode\">\n<div class=\"wpcf7 no-js\" id=\"wpcf7-f160-o1\" lang=\"pl-PL\" dir=\"ltr\">\n<div class=\"screen-reader-response\"><p role=\"status\" aria-live=\"polite\" aria-atomic=\"true\"><\/p> <ul><\/ul><\/div>\n<form action=\"\/index.php?rest_route=%2Fwp%2Fv2%2Fpages%2F749#wpcf7-f160-o1\" method=\"post\" class=\"wpcf7-form init\" aria-label=\"Formularz kontaktowy\" novalidate=\"novalidate\" data-status=\"init\">\n<div style=\"display: none;\">\n<input type=\"hidden\" name=\"_wpcf7\" value=\"160\" \/>\n<input type=\"hidden\" name=\"_wpcf7_version\" value=\"5.9.8\" \/>\n<input type=\"hidden\" name=\"_wpcf7_locale\" value=\"pl_PL\" \/>\n<input type=\"hidden\" name=\"_wpcf7_unit_tag\" value=\"wpcf7-f160-o1\" \/>\n<input type=\"hidden\" name=\"_wpcf7_container_post\" value=\"0\" \/>\n<input type=\"hidden\" name=\"_wpcf7_posted_data_hash\" value=\"\" \/>\n<\/div>\n<div class=\"row\">\n\t<div class=\"col-lg-6\">\n\t\t<p><span class=\"wpcf7-form-control-wrap\" data-name=\"your-name\"><input size=\"40\" maxlength=\"400\" class=\"wpcf7-form-control wpcf7-text wpcf7-validates-as-required\" aria-required=\"true\" aria-invalid=\"false\" placeholder=\"Twoje imi\u0119...\" value=\"\" type=\"text\" name=\"your-name\" \/><\/span>\n\t\t<\/p>\n\t<\/div>\n\t<div class=\"col-lg-6\">\n\t\t<p><span class=\"wpcf7-form-control-wrap\" data-name=\"text-637\"><input size=\"40\" maxlength=\"400\" class=\"wpcf7-form-control wpcf7-text wpcf7-validates-as-required\" aria-required=\"true\" aria-invalid=\"false\" placeholder=\"Twoje nazwisko...\" value=\"\" type=\"text\" name=\"text-637\" \/><\/span>\n\t\t<\/p>\n\t<\/div>\n\t<div class=\"col-lg-6\">\n\t\t<p><span class=\"wpcf7-form-control-wrap\" data-name=\"your-email\"><input size=\"40\" maxlength=\"400\" class=\"wpcf7-form-control wpcf7-email wpcf7-validates-as-required wpcf7-text wpcf7-validates-as-email\" aria-required=\"true\" aria-invalid=\"false\" placeholder=\"Adres e-mail...\" value=\"\" type=\"email\" name=\"your-email\" \/><\/span>\n\t\t<\/p>\n\t<\/div>\n\t<div class=\"col-lg-6\">\n\t\t<p><span class=\"wpcf7-form-control-wrap\" data-name=\"tel-827\"><input size=\"40\" maxlength=\"9\" minlength=\"9\" class=\"wpcf7-form-control wpcf7-tel wpcf7-validates-as-required wpcf7-text wpcf7-validates-as-tel\" aria-required=\"true\" aria-invalid=\"false\" placeholder=\"Numer telefonu...\" value=\"\" type=\"tel\" name=\"tel-827\" \/><\/span>\n\t\t<\/p>\n\t<\/div>\n\t<div class=\"col-lg-12\">\n\t\t<p><span class=\"wpcf7-form-control-wrap\" data-name=\"your-message\"><textarea cols=\"40\" rows=\"10\" maxlength=\"2000\" class=\"wpcf7-form-control wpcf7-textarea wpcf7-validates-as-required\" aria-required=\"true\" aria-invalid=\"false\" placeholder=\"Tre\u015b\u0107 wiadomo\u015bci...\" name=\"your-message\"><\/textarea><\/span><br \/>\n<input class=\"wpcf7-form-control wpcf7-submit has-spinner button\" type=\"submit\" value=\"Wy\u015blij wiadomo\u015b\u0107\" \/>\n\t\t<\/p>\n\t<\/div>\n<\/div><div class=\"wpcf7-response-output\" aria-hidden=\"true\"><\/div>\n<\/form>\n<\/div>\n<\/div>\n\t\t\t\t<\/div>\n\t\t\t\t<\/div>\n\t\t\t\t\t<\/div>\n\t\t\t\t<\/div>\n\t\t\t\t<\/div>\n\t\t","protected":false},"excerpt":{"rendered":"<p>Spotkania Integracyjne Spotkania Integracyjne podczas kt\u00f3rych uczestnicy mog\u0105 dzieli\u0107 si\u0119 swoimi do\u015bwiadczeniami, celami czy pomys\u0142ami zar\u00f3wno z \u017cycia zawodowego jak i osobistego. To doskona\u0142a okazja do lepszego zrozumienia siebie nawzajem, budowania wsp\u00f3\u0142pracy oraz wsp\u00f3lnego planowania. To tak\u017ce doskona\u0142y spos\u00f3b na wzmocnienie wi\u0119zi w grupie i stworzenie atmosfery otwarto\u015bci i zaufania. Spotkania Integracyjne: Icebreaker , Pasje, [&hellip;]<\/p>\n","protected":false},"author":1,"featured_media":0,"parent":7,"menu_order":0,"comment_status":"closed","ping_status":"closed","template":"","meta":{"footnotes":""},"class_list":["post-749","page","type-page","status-publish","hentry"],"_links":{"self":[{"href":"https:\/\/shamrock-yachts.pl\/index.php?rest_route=\/wp\/v2\/pages\/749"}],"collection":[{"href":"https:\/\/shamrock-yachts.pl\/index.php?rest_route=\/wp\/v2\/pages"}],"about":[{"href":"https:\/\/shamrock-yachts.pl\/index.php?rest_route=\/wp\/v2\/types\/page"}],"author":[{"embeddable":true,"href":"https:\/\/shamrock-yachts.pl\/index.php?rest_route=\/wp\/v2\/users\/1"}],"replies":[{"embeddable":true,"href":"https:\/\/shamrock-yachts.pl\/index.php?rest_route=%2Fwp%2Fv2%2Fcomments&post=749"}],"version-history":[{"count":4,"href":"https:\/\/shamrock-yachts.pl\/index.php?rest_route=\/wp\/v2\/pages\/749\/revisions"}],"predecessor-version":[{"id":1129,"href":"https:\/\/shamrock-yachts.pl\/index.php?rest_route=\/wp\/v2\/pages\/749\/revisions\/1129"}],"up":[{"embeddable":true,"href":"https:\/\/shamrock-yachts.pl\/index.php?rest_route=\/wp\/v2\/pages\/7"}],"wp:attachment":[{"href":"https:\/\/shamrock-yachts.pl\/index.php?rest_route=%2Fwp%2Fv2%2Fmedia&parent=749"}],"curies":[{"name":"wp","href":"https:\/\/api.w.org\/{rel}","templated":true}]}}